{"id":936,"date":"2021-07-07T15:45:15","date_gmt":"2021-07-07T15:45:15","guid":{"rendered":"https:\/\/bslthemes.com\/tastyc\/?page_id=936"},"modified":"2023-10-12T09:02:31","modified_gmt":"2023-10-12T09:02:31","slug":"gallery","status":"publish","type":"page","link":"https:\/\/byblos.hu\/hu\/gallery\/","title":{"rendered":"Gal\u00e9ria"},"content":{"rendered":"<div data-elementor-type=\"wp-page\" data-elementor-id=\"936\" class=\"elementor elementor-936\">\n\t\t\t\t\t\t<section class=\"elementor-section elementor-top-section elementor-element elementor-element-5ca15d1 elementor-section-full_width elementor-section-height-default elementor-section-height-default\" data-id=\"5ca15d1\" data-element_type=\"section\">\n\t\t\t\t\t\t<div class=\"elementor-container elementor-column-gap-no\">\n\t\t\t\t\t<div class=\"elementor-column elementor-col-100 elementor-top-column elementor-element elementor-element-290e170\" data-id=\"290e170\" data-element_type=\"column\">\n\t\t\t<div class=\"elementor-widget-wrap elementor-element-populated\">\n\t\t\t\t\t\t<div class=\"elementor-element elementor-element-c72ec4d elementor-widget elementor-widget-tastyc-section-heading\" data-id=\"c72ec4d\" data-element_type=\"widget\" data-widget_type=\"tastyc-section-heading.default\">\n\t\t\t\t<div class=\"elementor-widget-container\">\n\t\t\t\n\t\t<!-- section heading -->\n\t\t<div class=\"container\">\n\n\t\t<div class=\"row\">\n\t\t            <div class=\"col-lg-12\">\n\n            <!-- title -->\n            <div class=\"text-center\">\n                            <div class=\"tst-suptitle tst-suptitle-center tst-mb-15\">\n              \t<span >\n\t\t          \tGal\u00e9ria\t\t        <\/span>\n              <\/div>\n                                          <h3 class=\"tst-title--h tst-mb-30\">\n              \t<span >\n\t\t          \tA legjobb pillanataink\t\t        <\/span>\n              <\/h3>\n                                          <p class=\"tst-text tst-title--desc tst-mb-60\">\n              \t<span >\n\t\t          \tFedezze fel Byblos kulin\u00e1ris utaz\u00e1s\u00e1t\nL\u00e9pjen be az \u00ednycsikland\u00f3 \u00edzek \u00e9s a kit\u0171n\u0151 prezent\u00e1ci\u00f3k vil\u00e1g\u00e1ba. K\u00e9pgal\u00e9ri\u00e1nk vizu\u00e1lis lakom\u00e1t k\u00edn\u00e1l, amely bemutatja a m\u0171v\u00e9szetet minden egyes \u00e9tel m\u00f6g\u00f6tt, amelyet felszolg\u00e1lunk. A mezze t\u00e1lak vibr\u00e1l\u00f3 sz\u00edneit\u0151l kezdve a grillez\u0151nk sisterg\u0151 kre\u00e1ci\u00f3iig minden egyes k\u00e9p a szenved\u00e9ly \u00e9s a hagyom\u00e1nyok t\u00f6rt\u00e9net\u00e9t mes\u00e9li el. Ak\u00e1r az autentikus libanoni konyh\u00e1ra v\u00e1gyik, ak\u00e1r egyszer\u0171en csak egy felejthetetlen \u00e9tkez\u00e9si \u00e9lm\u00e9nyre, gal\u00e9ri\u00e1nk egy kapu a figyelemre m\u00e9lt\u00f3 kulin\u00e1ris kalandhoz, amely a Byblos. J\u00f6jj\u00f6n el, tegyen egy vizu\u00e1lis t\u00far\u00e1t, \u00e9s k\u00e9sz\u00fclj\u00f6n fel egy olyan \u00edzekkel teli utaz\u00e1sra, amelyhez foghat\u00f3t m\u00e9g nem l\u00e1tott.\t\t        <\/span>\n              <\/p>\n                          <\/div>\n            <!-- title end -->\n\n          <\/div>\n          \n                  <\/div>\n\n\t\t<\/div>\n\n\t\t\t\t<\/div>\n\t\t\t\t<\/div>\n\t\t\t\t\t<\/div>\n\t\t<\/div>\n\t\t\t\t\t<\/div>\n\t\t<\/section>\n\t\t\t\t<section class=\"elementor-section elementor-top-section elementor-element elementor-element-736a647 elementor-section-full_width elementor-section-height-default elementor-section-height-default\" data-id=\"736a647\" data-element_type=\"section\">\n\t\t\t\t\t\t<div class=\"elementor-container elementor-column-gap-no\">\n\t\t\t\t\t<div class=\"elementor-column elementor-col-100 elementor-top-column elementor-element elementor-element-8ce0206\" data-id=\"8ce0206\" data-element_type=\"column\">\n\t\t\t<div class=\"elementor-widget-wrap elementor-element-populated\">\n\t\t\t\t\t\t<div class=\"elementor-element elementor-element-fbafac0 elementor-widget elementor-widget-tastyc-gallery\" data-id=\"fbafac0\" data-element_type=\"widget\" data-widget_type=\"tastyc-gallery.default\">\n\t\t\t\t<div class=\"elementor-widget-container\">\n\t\t\t\n\t\t<div class=\"container\">\n\t\t    <div class=\"row\">\n\t\t\t\t\t\t\t\t<div class=\"col-12\">\n\t\t\t\t<!-- Filters -->\n\t\t\t\t\t<div class=\"filter gallery-filter\">\n\t\t\t            \t\t\t            <ul>\n\t\t\t\t            <li class=\"filter__item active\" data-filter=\"*\"><a class=\"filter__link active\" href=\"#filter\">All<\/a><\/li>\n\t\t\t\t            \t\t\t\t            <li class=\"filter__item\" data-filter=\".category-drinks\"><a class=\"filter__link\" href=\"#filter\">Italok<\/a><\/li>\n\t\t\t\t            \t\t\t\t            <li class=\"filter__item\" data-filter=\".category-dishes\"><a class=\"filter__link\" href=\"#filter\">\u00c9telek<\/a><\/li>\n\t\t\t\t            \t\t\t\t            <li class=\"filter__item\" data-filter=\".category-desserts\"><a class=\"filter__link\" href=\"#filter\">Desszertek<\/a><\/li>\n\t\t\t\t            \t\t\t            <\/ul>\n\t\t\t            \t\t\t        <\/div>\n\t\t\t\t<\/div>\n\t\t\t\t\t\t\t<\/div>\n\n\t\t\t\t\t    <div class=\"flex-container js-gallery js-lightbox js-sort row\">\n\t\t\t\t\n\n<!-- ItemGallery -->\n<div class=\"col-lg-4 col-md-4 col-sm-6 col-xs-12 itemGallery category-dishes\">\n<div class=\"itemGallery__box\">\n\t\t<a class=\"itemGallery__link\" href=\"https:\/\/byblos.hu\/wp-content\/uploads\/2021\/04\/byblos_rahib4564.jpg\" data-elementor-lightbox-slideshow=\"gallery-grid\" data-elementor-lightbox-title=\"Rahib\" data-size=\"1920x1080\">\n\t\t<img decoding=\"async\" class=\"cover\" src=\"https:\/\/byblos.hu\/wp-content\/uploads\/2021\/04\/byblos_rahib4564.jpg\" alt=\"Rahib\" \/>\n\t<\/a>\n\t\t<div class=\"itemGallery__details\">\n\t\t\t\t<span class=\"tst-text\">\u00c9telek <\/span>\n\t\t\t\t\t\t<h5>Rahib<\/h5>\n\t\t\t<\/div>\n<\/div>\n<\/div>\n\n\n<!-- ItemGallery -->\n<div class=\"col-lg-4 col-md-4 col-sm-6 col-xs-12 itemGallery category-drinks\">\n<div class=\"itemGallery__box\">\n\t\t<a class=\"itemGallery__link\" href=\"https:\/\/byblos.hu\/wp-content\/uploads\/2021\/04\/byblos_pomegranat4629.jpg\" data-elementor-lightbox-slideshow=\"gallery-grid\" data-elementor-lightbox-title=\"Pomegranat\" data-size=\"1920x1080\">\n\t\t<img decoding=\"async\" class=\"cover\" src=\"https:\/\/byblos.hu\/wp-content\/uploads\/2021\/04\/byblos_pomegranat4629.jpg\" alt=\"Pomegranat\" \/>\n\t<\/a>\n\t\t<div class=\"itemGallery__details\">\n\t\t\t\t<span class=\"tst-text\">Italok <\/span>\n\t\t\t\t\t\t<h5>Pomegranat<\/h5>\n\t\t\t<\/div>\n<\/div>\n<\/div>\n\n\n<!-- ItemGallery -->\n<div class=\"col-lg-4 col-md-4 col-sm-6 col-xs-12 itemGallery category-dishes\">\n<div class=\"itemGallery__box\">\n\t\t<a class=\"itemGallery__link\" href=\"https:\/\/byblos.hu\/wp-content\/uploads\/2021\/04\/byblos_falafel4594.jpg\" data-elementor-lightbox-slideshow=\"gallery-grid\" data-elementor-lightbox-title=\"Falafel\" data-size=\"1920x1080\">\n\t\t<img decoding=\"async\" class=\"cover\" src=\"https:\/\/byblos.hu\/wp-content\/uploads\/2021\/04\/byblos_falafel4594.jpg\" alt=\"Falafel\" \/>\n\t<\/a>\n\t\t<div class=\"itemGallery__details\">\n\t\t\t\t<span class=\"tst-text\">\u00c9telek <\/span>\n\t\t\t\t\t\t<h5>Falafel<\/h5>\n\t\t\t<\/div>\n<\/div>\n<\/div>\n\n\n<!-- ItemGallery -->\n<div class=\"col-lg-4 col-md-4 col-sm-6 col-xs-12 itemGallery category-desserts\">\n<div class=\"itemGallery__box\">\n\t\t<a class=\"itemGallery__link\" href=\"https:\/\/byblos.hu\/wp-content\/uploads\/2021\/04\/byblos_kunafa4682.jpg\" data-elementor-lightbox-slideshow=\"gallery-grid\" data-elementor-lightbox-title=\"Kunafa\" data-size=\"1920x1080\">\n\t\t<img decoding=\"async\" class=\"cover\" src=\"https:\/\/byblos.hu\/wp-content\/uploads\/2021\/04\/byblos_kunafa4682.jpg\" alt=\"Kunafa\" \/>\n\t<\/a>\n\t\t<div class=\"itemGallery__details\">\n\t\t\t\t<span class=\"tst-text\">Desszertek <\/span>\n\t\t\t\t\t\t<h5>Kunafa<\/h5>\n\t\t\t<\/div>\n<\/div>\n<\/div>\n\n\n<!-- ItemGallery -->\n<div class=\"col-lg-4 col-md-4 col-sm-6 col-xs-12 itemGallery category-dishes\">\n<div class=\"itemGallery__box\">\n\t\t<a class=\"itemGallery__link\" href=\"https:\/\/byblos.hu\/wp-content\/uploads\/2021\/04\/byblos_moutabal4589.jpg\" data-elementor-lightbox-slideshow=\"gallery-grid\" data-elementor-lightbox-title=\"Moutabal\" data-size=\"1920x1080\">\n\t\t<img decoding=\"async\" class=\"cover\" src=\"https:\/\/byblos.hu\/wp-content\/uploads\/2021\/04\/byblos_moutabal4589.jpg\" alt=\"Moutabal\" \/>\n\t<\/a>\n\t\t<div class=\"itemGallery__details\">\n\t\t\t\t<span class=\"tst-text\">\u00c9telek <\/span>\n\t\t\t\t\t\t<h5>Moutabal<\/h5>\n\t\t\t<\/div>\n<\/div>\n<\/div>\n\n\n<!-- ItemGallery -->\n<div class=\"col-lg-4 col-md-4 col-sm-6 col-xs-12 itemGallery category-dishes\">\n<div class=\"itemGallery__box\">\n\t\t<a class=\"itemGallery__link\" href=\"https:\/\/byblos.hu\/wp-content\/uploads\/2021\/04\/byblos_tabouleh4568.jpg\" data-elementor-lightbox-slideshow=\"gallery-grid\" data-elementor-lightbox-title=\"Tabouleh\" data-size=\"1920x1080\">\n\t\t<img decoding=\"async\" class=\"cover\" src=\"https:\/\/byblos.hu\/wp-content\/uploads\/2021\/04\/byblos_tabouleh4568.jpg\" alt=\"Tabouleh\" \/>\n\t<\/a>\n\t\t<div class=\"itemGallery__details\">\n\t\t\t\t<span class=\"tst-text\">\u00c9telek <\/span>\n\t\t\t\t\t\t<h5>Tabouleh<\/h5>\n\t\t\t<\/div>\n<\/div>\n<\/div>\n\n\n<!-- ItemGallery -->\n<div class=\"col-lg-4 col-md-4 col-sm-6 col-xs-12 itemGallery\">\n<div class=\"itemGallery__box\">\n\t\t<a class=\"itemGallery__link\" href=\"https:\/\/byblos.hu\/wp-content\/uploads\/2021\/04\/byblos4541.jpg\" data-elementor-lightbox-slideshow=\"gallery-grid\" data-elementor-lightbox-title=\"Byblos\" data-size=\"1920x1080\">\n\t\t<img decoding=\"async\" class=\"cover\" src=\"https:\/\/byblos.hu\/wp-content\/uploads\/2021\/04\/byblos4541-950x633.jpg\" alt=\"Byblos\" \/>\n\t<\/a>\n\t\t<div class=\"itemGallery__details\">\n\t\t\t\t\t\t<h5>byblosban<\/h5>\n\t\t\t<\/div>\n<\/div>\n<\/div>\n\n\n<!-- ItemGallery -->\n<div class=\"col-lg-4 col-md-4 col-sm-6 col-xs-12 itemGallery category-dishes\">\n<div class=\"itemGallery__box\">\n\t\t<a class=\"itemGallery__link\" href=\"https:\/\/byblos.hu\/wp-content\/uploads\/2023\/08\/14411028731062351.jpeg\" data-elementor-lightbox-slideshow=\"gallery-grid\" data-elementor-lightbox-title=\"Chicken Shawarma\" data-size=\"1920x1080\">\n\t\t<img decoding=\"async\" class=\"cover\" src=\"https:\/\/byblos.hu\/wp-content\/uploads\/2023\/08\/14411028731062351-950x634.jpeg\" alt=\"Chicken Shawarma\" \/>\n\t<\/a>\n\t\t<div class=\"itemGallery__details\">\n\t\t\t\t<span class=\"tst-text\">\u00c9telek <\/span>\n\t\t\t\t\t\t<h5>Chicken Shawarma<\/h5>\n\t\t\t<\/div>\n<\/div>\n<\/div>\n\n\n<!-- ItemGallery -->\n<div class=\"col-lg-4 col-md-4 col-sm-6 col-xs-12 itemGallery category-dishes\">\n<div class=\"itemGallery__box\">\n\t\t<a class=\"itemGallery__link\" href=\"https:\/\/byblos.hu\/wp-content\/uploads\/2023\/08\/1180746424186310.jpeg\" data-elementor-lightbox-slideshow=\"gallery-grid\" data-elementor-lightbox-title=\"Byblos Mix Grill\" data-size=\"1920x1080\">\n\t\t<img decoding=\"async\" class=\"cover\" src=\"https:\/\/byblos.hu\/wp-content\/uploads\/2023\/08\/1180746424186310-950x634.jpeg\" alt=\"Byblos Mix Grill\" \/>\n\t<\/a>\n\t\t<div class=\"itemGallery__details\">\n\t\t\t\t<span class=\"tst-text\">\u00c9telek <\/span>\n\t\t\t\t\t\t<h5>Byblos Mix Grill<\/h5>\n\t\t\t<\/div>\n<\/div>\n<\/div>\n\t\t\t<\/div>\n\n\t\t\t\n\t\t\t\n\t\t\t\n\t\t\t\n\t\t<\/div>\n\n\t\t\t\t<\/div>\n\t\t\t\t<\/div>\n\t\t\t\t\t<\/div>\n\t\t<\/div>\n\t\t\t\t\t<\/div>\n\t\t<\/section>\n\t\t\t\t<\/div>","protected":false},"excerpt":{"rendered":"<p>Gallery Our Best Moments Explore the Culinary Journey of Byblos Step into the world of tantalizing flavors and exquisite presentations&#8230;. <span class=\"tst-el-more\"><a href=\"https:\/\/byblos.hu\/hu\/gallery\/item\/salmon\/\" class=\"tst-label tst-color tst-anima-link\">Read more<span class=\"screen-reader-text\">Read moreByblos Mix Grill<\/span><\/a><\/span><\/p>","protected":false},"author":1,"featured_media":0,"parent":0,"menu_order":0,"comment_status":"closed","ping_status":"closed","template":"template-layout-builder.php","meta":{"footnotes":""},"class_list":["post-936","page","type-page","status-publish","hentry"],"acf":[],"yoast_head":"<!-- This site is optimized with the Yoast SEO plugin v21.4 - https:\/\/yoast.com\/wordpress\/plugins\/seo\/ -->\n<title>Gallery - Byblos<\/title>\n<meta name=\"robots\" content=\"index, follow, max-snippet:-1, max-image-preview:large, max-video-preview:-1\" \/>\n<link rel=\"canonical\" href=\"https:\/\/byblos.hu\/hu\/gallery\/\" \/>\n<meta property=\"og:locale\" content=\"hu_HU\" \/>\n<meta property=\"og:type\" content=\"article\" \/>\n<meta property=\"og:title\" content=\"Gallery - Byblos\" \/>\n<meta property=\"og:description\" content=\"Gallery Our Best Moments Explore the Culinary Journey of Byblos Step into the world of tantalizing flavors and exquisite presentations.... Read moreRead moreByblos Mix Grill\" \/>\n<meta property=\"og:url\" content=\"https:\/\/byblos.hu\/hu\/gallery\/\" \/>\n<meta property=\"og:site_name\" content=\"Byblos\" \/>\n<meta property=\"article:modified_time\" content=\"2023-10-12T09:02:31+00:00\" \/>\n<meta property=\"og:image\" content=\"https:\/\/byblos.hu\/wp-content\/uploads\/2021\/07\/cooked-fish-with-potatoes-950x1045.jpg\" \/>\n<meta name=\"twitter:card\" content=\"summary_large_image\" \/>\n<meta name=\"twitter:label1\" content=\"Becs\u00fclt olvas\u00e1si id\u0151\" \/>\n\t<meta name=\"twitter:data1\" content=\"1 perc\" \/>\n<script type=\"application\/ld+json\" class=\"yoast-schema-graph\">{\"@context\":\"https:\/\/schema.org\",\"@graph\":[{\"@type\":\"WebPage\",\"@id\":\"https:\/\/byblos.hu\/gallery\/\",\"url\":\"https:\/\/byblos.hu\/gallery\/\",\"name\":\"Gallery - Byblos\",\"isPartOf\":{\"@id\":\"https:\/\/byblos.hu\/#website\"},\"datePublished\":\"2021-07-07T15:45:15+00:00\",\"dateModified\":\"2023-10-12T09:02:31+00:00\",\"breadcrumb\":{\"@id\":\"https:\/\/byblos.hu\/gallery\/#breadcrumb\"},\"inLanguage\":\"hu\",\"potentialAction\":[{\"@type\":\"ReadAction\",\"target\":[\"https:\/\/byblos.hu\/gallery\/\"]}]},{\"@type\":\"BreadcrumbList\",\"@id\":\"https:\/\/byblos.hu\/gallery\/#breadcrumb\",\"itemListElement\":[{\"@type\":\"ListItem\",\"position\":1,\"name\":\"Home\",\"item\":\"https:\/\/byblos.hu\/\"},{\"@type\":\"ListItem\",\"position\":2,\"name\":\"Gallery\"}]},{\"@type\":\"WebSite\",\"@id\":\"https:\/\/byblos.hu\/#website\",\"url\":\"https:\/\/byblos.hu\/\",\"name\":\"Byblos\",\"description\":\"Fine Lebanese &amp; Levantine Cuisine \",\"publisher\":{\"@id\":\"https:\/\/byblos.hu\/#organization\"},\"potentialAction\":[{\"@type\":\"SearchAction\",\"target\":{\"@type\":\"EntryPoint\",\"urlTemplate\":\"https:\/\/byblos.hu\/?s={search_term_string}\"},\"query-input\":\"required name=search_term_string\"}],\"inLanguage\":\"hu\"},{\"@type\":\"Organization\",\"@id\":\"https:\/\/byblos.hu\/#organization\",\"name\":\"Byblos\",\"url\":\"https:\/\/byblos.hu\/\",\"logo\":{\"@type\":\"ImageObject\",\"inLanguage\":\"hu\",\"@id\":\"https:\/\/byblos.hu\/#\/schema\/logo\/image\/\",\"url\":\"https:\/\/byblos.hu\/wp-content\/uploads\/2023\/07\/BYBLOS_logo_v01_nagy.png\",\"contentUrl\":\"https:\/\/byblos.hu\/wp-content\/uploads\/2023\/07\/BYBLOS_logo_v01_nagy.png\",\"width\":2692,\"height\":2151,\"caption\":\"Byblos\"},\"image\":{\"@id\":\"https:\/\/byblos.hu\/#\/schema\/logo\/image\/\"}}]}<\/script>\n<!-- \/ Yoast SEO plugin. -->","yoast_head_json":{"title":"Gallery - Byblos","robots":{"index":"index","follow":"follow","max-snippet":"max-snippet:-1","max-image-preview":"max-image-preview:large","max-video-preview":"max-video-preview:-1"},"canonical":"https:\/\/byblos.hu\/hu\/gallery\/","og_locale":"hu_HU","og_type":"article","og_title":"Gallery - Byblos","og_description":"Gallery Our Best Moments Explore the Culinary Journey of Byblos Step into the world of tantalizing flavors and exquisite presentations.... Read moreRead moreByblos Mix Grill","og_url":"https:\/\/byblos.hu\/hu\/gallery\/","og_site_name":"Byblos","article_modified_time":"2023-10-12T09:02:31+00:00","og_image":[{"url":"https:\/\/byblos.hu\/wp-content\/uploads\/2021\/07\/cooked-fish-with-potatoes-950x1045.jpg"}],"twitter_card":"summary_large_image","twitter_misc":{"Becs\u00fclt olvas\u00e1si id\u0151":"1 perc"},"schema":{"@context":"https:\/\/schema.org","@graph":[{"@type":"WebPage","@id":"https:\/\/byblos.hu\/gallery\/","url":"https:\/\/byblos.hu\/gallery\/","name":"Gallery - Byblos","isPartOf":{"@id":"https:\/\/byblos.hu\/#website"},"datePublished":"2021-07-07T15:45:15+00:00","dateModified":"2023-10-12T09:02:31+00:00","breadcrumb":{"@id":"https:\/\/byblos.hu\/gallery\/#breadcrumb"},"inLanguage":"hu","potentialAction":[{"@type":"ReadAction","target":["https:\/\/byblos.hu\/gallery\/"]}]},{"@type":"BreadcrumbList","@id":"https:\/\/byblos.hu\/gallery\/#breadcrumb","itemListElement":[{"@type":"ListItem","position":1,"name":"Home","item":"https:\/\/byblos.hu\/"},{"@type":"ListItem","position":2,"name":"Gallery"}]},{"@type":"WebSite","@id":"https:\/\/byblos.hu\/#website","url":"https:\/\/byblos.hu\/","name":"Byblos","description":"Fine Lebanese &amp; Levantine Cuisine ","publisher":{"@id":"https:\/\/byblos.hu\/#organization"},"potentialAction":[{"@type":"SearchAction","target":{"@type":"EntryPoint","urlTemplate":"https:\/\/byblos.hu\/?s={search_term_string}"},"query-input":"required name=search_term_string"}],"inLanguage":"hu"},{"@type":"Organization","@id":"https:\/\/byblos.hu\/#organization","name":"Byblos","url":"https:\/\/byblos.hu\/","logo":{"@type":"ImageObject","inLanguage":"hu","@id":"https:\/\/byblos.hu\/#\/schema\/logo\/image\/","url":"https:\/\/byblos.hu\/wp-content\/uploads\/2023\/07\/BYBLOS_logo_v01_nagy.png","contentUrl":"https:\/\/byblos.hu\/wp-content\/uploads\/2023\/07\/BYBLOS_logo_v01_nagy.png","width":2692,"height":2151,"caption":"Byblos"},"image":{"@id":"https:\/\/byblos.hu\/#\/schema\/logo\/image\/"}}]}},"_links":{"self":[{"href":"https:\/\/byblos.hu\/hu\/wp-json\/wp\/v2\/pages\/936","targetHints":{"allow":["GET"]}}],"collection":[{"href":"https:\/\/byblos.hu\/hu\/wp-json\/wp\/v2\/pages"}],"about":[{"href":"https:\/\/byblos.hu\/hu\/wp-json\/wp\/v2\/types\/page"}],"author":[{"embeddable":true,"href":"https:\/\/byblos.hu\/hu\/wp-json\/wp\/v2\/users\/1"}],"replies":[{"embeddable":true,"href":"https:\/\/byblos.hu\/hu\/wp-json\/wp\/v2\/comments?post=936"}],"version-history":[{"count":9,"href":"https:\/\/byblos.hu\/hu\/wp-json\/wp\/v2\/pages\/936\/revisions"}],"predecessor-version":[{"id":3425,"href":"https:\/\/byblos.hu\/hu\/wp-json\/wp\/v2\/pages\/936\/revisions\/3425"}],"wp:attachment":[{"href":"https:\/\/byblos.hu\/hu\/wp-json\/wp\/v2\/media?parent=936"}],"curies":[{"name":"wp","href":"https:\/\/api.w.org\/{rel}","templated":true}]}}