{"id":684,"date":"2021-05-07T10:08:22","date_gmt":"2021-05-07T10:08:22","guid":{"rendered":"https:\/\/bslthemes.com\/tastyc\/?page_id=684"},"modified":"2024-03-27T07:49:54","modified_gmt":"2024-03-27T07:49:54","slug":"blog","status":"publish","type":"page","link":"https:\/\/byblos.hu\/hu\/blog\/","title":{"rendered":"Blog"},"content":{"rendered":"<div data-elementor-type=\"wp-page\" data-elementor-id=\"684\" class=\"elementor elementor-684\">\n\t\t\t\t\t\t<section class=\"elementor-section elementor-top-section elementor-element elementor-element-76052ed elementor-section-boxed elementor-section-height-default elementor-section-height-default\" data-id=\"76052ed\" data-element_type=\"section\">\n\t\t\t\t\t\t<div class=\"elementor-container elementor-column-gap-default\">\n\t\t\t\t\t<div class=\"elementor-column elementor-col-100 elementor-top-column elementor-element elementor-element-6628878\" data-id=\"6628878\" data-element_type=\"column\">\n\t\t\t<div class=\"elementor-widget-wrap elementor-element-populated\">\n\t\t\t\t\t\t<div class=\"elementor-element elementor-element-f27881c elementor-widget elementor-widget-tastyc-blog-grid\" data-id=\"f27881c\" data-element_type=\"widget\" data-widget_type=\"tastyc-blog-grid.default\">\n\t\t\t\t<div class=\"elementor-widget-container\">\n\t\t\t\n\t\t<!-- container -->\n\t\t<div class=\"container\">\n\n\t\t<div class=\"row align-items-center\">\n\t\t            <div class=\"col-lg-12\">\n\n            <!-- title -->\n            <div class=\"text-center\">\n                            <div class=\"tst-suptitle tst-suptitle-center tst-mb-15\">\n              \t<span >\n\t\t        \tarticles\t\t        <\/span>\n              <\/div>\n                                          <h3 class=\"tst-title--h tst-mb-30\">\n              \t<span >\n\t\t        \tLatest publications\n\t\t        <\/span>\n              <\/h3>\n                                          <p class=\"tst-text tst-title--desc tst-mb-60\">\n              \t<span >\n\t\t        \tPorro eveniet, autem ipsam corrupti consectetur cum. <br>Repudiandae dignissimos fugiat sit nam.\t\t        <\/span>\n              <\/p>\n                          <\/div>\n            <!-- title end-->\n\n          <\/div>\n                                        <div class=\"col-lg-4\">\n            \n\n\n<!-- blog card -->\n<div class=\"tst-blog-card tst-mb-60\">\n\t<div id=\"post-1\" class=\"post-1 post type-post status-publish format-standard hentry category-uncategorized\">\n\t  \t  <div class=\"tst-descr\">\n\t    <h5 class=\"tst-mb-15\">\n\t    \t<a href=\"https:\/\/byblos.hu\/hu\/bors-menta\/\" class=\"tst-anima-link\">Osam\u00e1\u00e9k Byblosa<\/a>\n\t    <\/h5>\n\t    \t    <div class=\"tst-date tst-date-m\">j\u00falius 31, 2023<\/div>\n\t  \t\t    \t    <div class=\"tst-text\"><p>\u201eEz nem fine, hanem fun dining, ahol az a c\u00e9l, hogy a vend\u00e9gek bar\u00e1ts\u00e1gos, otthonos&#8230; <span class=\"tst-el-more\"><a href=\"https:\/\/byblos.hu\/hu\/bors-menta\/\" class=\"tst-label tst-color tst-anima-link\">Read more<span class=\"screen-reader-text\">Read moreOsam\u00e1\u00e9k Byblosa<\/span><\/a><\/span><\/p>\n<\/div>\n\t    \t    <div class=\"tst-spacer-sm\"><\/div>\n\t    <div class=\"tst-post-bottom\">\n\t      <div class=\"tst-post-author\">\n\t      \t\t        <img decoding=\"async\" src=\"https:\/\/secure.gravatar.com\/avatar\/8ed161d4a00b66d02e02d9b2bca031b0022abb50935100f69b0ae27a0ab33f69?s=96&#038;d=mm&#038;r=g\" alt=\"admin\">\n\t    \t\t        <h6>admin<\/h6>\n\t      <\/div>\n\t      \t      <div class=\"tst-date\">j\u00falius 31, 2023<\/div>\n\t  \t  \t    <\/div>\n\t  <\/div>\n\t<\/div>\n\t<!-- #post-1 -->\n<\/div>\n<!-- blog card end -->\n          <\/div>\n                    <div class=\"col-lg-4\">\n            \n\n\n<!-- blog card -->\n<div class=\"tst-blog-card tst-mb-60\">\n\t<div id=\"post-402\" class=\"post-402 post type-post status-publish format-standard has-post-thumbnail hentry category-deserts category-salads tag-food tag-organic tag-pub\">\n\t  \t  <a href=\"https:\/\/byblos.hu\/hu\/business-breakfast\/\" class=\"tst-cover-frame tst-anima-link\">\n\t    \t    <img decoding=\"async\" src=\"https:\/\/byblos.hu\/wp-content\/uploads\/2021\/05\/blog-6.jpg\" alt=\"Business Breakfast\">\n\t    \t    \t\t<div class=\"tst-card-badge\">\n\t\t\tDeserts, Salads\t\t<\/div>\n\t\t\t  <\/a>\n\t  \t  <div class=\"tst-descr\">\n\t    <h5 class=\"tst-mb-15\">\n\t    \t<a href=\"https:\/\/byblos.hu\/hu\/business-breakfast\/\" class=\"tst-anima-link\">Business Breakfast<\/a>\n\t    <\/h5>\n\t    \t    <div class=\"tst-date tst-date-m\">m\u00e1jus 1, 2021<\/div>\n\t  \t\t    \t    <div class=\"tst-text\"><p>Consectetur adipisicing elit. Soluta, impedit, saepe. Unde minima distinctio officiis amet temporibus, consequuntur dolorem dicta&#8230; <span class=\"tst-el-more\"><a href=\"https:\/\/byblos.hu\/hu\/business-breakfast\/\" class=\"tst-label tst-color tst-anima-link\">Read more<span class=\"screen-reader-text\">Read moreBusiness Breakfast<\/span><\/a><\/span><\/p>\n<\/div>\n\t    \t    <div class=\"tst-spacer-sm\"><\/div>\n\t    <div class=\"tst-post-bottom\">\n\t      <div class=\"tst-post-author\">\n\t      \t\t        <img decoding=\"async\" src=\"https:\/\/secure.gravatar.com\/avatar\/8ed161d4a00b66d02e02d9b2bca031b0022abb50935100f69b0ae27a0ab33f69?s=96&#038;d=mm&#038;r=g\" alt=\"admin\">\n\t    \t\t        <h6>admin<\/h6>\n\t      <\/div>\n\t      \t      <div class=\"tst-date\">m\u00e1jus 1, 2021<\/div>\n\t  \t  \t    <\/div>\n\t  <\/div>\n\t<\/div>\n\t<!-- #post-402 -->\n<\/div>\n<!-- blog card end -->\n          <\/div>\n                    <div class=\"col-lg-4\">\n            \n\n\n<!-- blog card -->\n<div class=\"tst-blog-card tst-mb-60\">\n\t<div id=\"post-400\" class=\"post-400 post type-post status-publish format-standard has-post-thumbnail hentry category-deserts tag-cake tag-chocolate tag-deserts\">\n\t  \t  <a href=\"https:\/\/byblos.hu\/hu\/pancakes-in-chocolate\/\" class=\"tst-cover-frame tst-anima-link\">\n\t    \t    <img decoding=\"async\" src=\"https:\/\/byblos.hu\/wp-content\/uploads\/2021\/05\/blog-5.jpg\" alt=\"Pancakes in Chocolate\">\n\t    \t    \t\t<div class=\"tst-card-badge\">\n\t\t\tDeserts\t\t<\/div>\n\t\t\t  <\/a>\n\t  \t  <div class=\"tst-descr\">\n\t    <h5 class=\"tst-mb-15\">\n\t    \t<a href=\"https:\/\/byblos.hu\/hu\/pancakes-in-chocolate\/\" class=\"tst-anima-link\">Pancakes in Chocolate<\/a>\n\t    <\/h5>\n\t    \t    <div class=\"tst-date tst-date-m\">m\u00e1jus 1, 2021<\/div>\n\t  \t\t    \t    <div class=\"tst-text\"><p>Consectetur adipisicing elit. Soluta, impedit, saepe. Unde minima distinctio officiis amet temporibus, consequuntur dolorem dicta&#8230; <span class=\"tst-el-more\"><a href=\"https:\/\/byblos.hu\/hu\/pancakes-in-chocolate\/\" class=\"tst-label tst-color tst-anima-link\">Read more<span class=\"screen-reader-text\">Read morePancakes in Chocolate<\/span><\/a><\/span><\/p>\n<\/div>\n\t    \t    <div class=\"tst-spacer-sm\"><\/div>\n\t    <div class=\"tst-post-bottom\">\n\t      <div class=\"tst-post-author\">\n\t      \t\t        <img decoding=\"async\" src=\"https:\/\/secure.gravatar.com\/avatar\/8ed161d4a00b66d02e02d9b2bca031b0022abb50935100f69b0ae27a0ab33f69?s=96&#038;d=mm&#038;r=g\" alt=\"admin\">\n\t    \t\t        <h6>admin<\/h6>\n\t      <\/div>\n\t      \t      <div class=\"tst-date\">m\u00e1jus 1, 2021<\/div>\n\t  \t  \t    <\/div>\n\t  <\/div>\n\t<\/div>\n\t<!-- #post-400 -->\n<\/div>\n<!-- blog card end -->\n          <\/div>\n                    <div class=\"col-lg-4\">\n            \n\n\n<!-- blog card -->\n<div class=\"tst-blog-card tst-mb-60\">\n\t<div id=\"post-396\" class=\"post-396 post type-post status-publish format-standard has-post-thumbnail hentry category-deserts tag-deserts tag-fastfood tag-food\">\n\t  \t  <a href=\"https:\/\/byblos.hu\/hu\/tuna-tomatoes-burger\/\" class=\"tst-cover-frame tst-anima-link\">\n\t    \t    <img decoding=\"async\" src=\"https:\/\/byblos.hu\/wp-content\/uploads\/2021\/05\/blog-4.jpg\" alt=\"Tuna &#038; Tomatoes\">\n\t    \t    \t\t<div class=\"tst-card-badge\">\n\t\t\tDeserts\t\t<\/div>\n\t\t\t  <\/a>\n\t  \t  <div class=\"tst-descr\">\n\t    <h5 class=\"tst-mb-15\">\n\t    \t<a href=\"https:\/\/byblos.hu\/hu\/tuna-tomatoes-burger\/\" class=\"tst-anima-link\">Tuna &#038; Tomatoes<\/a>\n\t    <\/h5>\n\t    \t    <div class=\"tst-date tst-date-m\">m\u00e1jus 1, 2021<\/div>\n\t  \t\t    \t    <div class=\"tst-text\"><p>Consectetur adipisicing elit. Soluta, impedit, saepe. Unde minima distinctio officiis amet temporibus, consequuntur dolorem dicta&#8230; <span class=\"tst-el-more\"><a href=\"https:\/\/byblos.hu\/hu\/tuna-tomatoes-burger\/\" class=\"tst-label tst-color tst-anima-link\">Read more<span class=\"screen-reader-text\">Read moreTuna &#038; Tomatoes<\/span><\/a><\/span><\/p>\n<\/div>\n\t    \t    <div class=\"tst-spacer-sm\"><\/div>\n\t    <div class=\"tst-post-bottom\">\n\t      <div class=\"tst-post-author\">\n\t      \t\t        <img decoding=\"async\" src=\"https:\/\/secure.gravatar.com\/avatar\/8ed161d4a00b66d02e02d9b2bca031b0022abb50935100f69b0ae27a0ab33f69?s=96&#038;d=mm&#038;r=g\" alt=\"admin\">\n\t    \t\t        <h6>admin<\/h6>\n\t      <\/div>\n\t      \t      <div class=\"tst-date\">m\u00e1jus 1, 2021<\/div>\n\t  \t  \t    <\/div>\n\t  <\/div>\n\t<\/div>\n\t<!-- #post-396 -->\n<\/div>\n<!-- blog card end -->\n          <\/div>\n                    <div class=\"col-lg-4\">\n            \n\n\n<!-- blog card -->\n<div class=\"tst-blog-card tst-mb-60\">\n\t<div id=\"post-394\" class=\"post-394 post type-post status-publish format-standard has-post-thumbnail hentry category-salads tag-cafe tag-food tag-meat\">\n\t  \t  <a href=\"https:\/\/byblos.hu\/hu\/creamy-chicken-alfredo\/\" class=\"tst-cover-frame tst-anima-link\">\n\t    \t    <img decoding=\"async\" src=\"https:\/\/byblos.hu\/wp-content\/uploads\/2021\/05\/blog-3.jpg\" alt=\"Creamy Chicken Alfredo\">\n\t    \t    \t\t<div class=\"tst-card-badge\">\n\t\t\tSalads\t\t<\/div>\n\t\t\t  <\/a>\n\t  \t  <div class=\"tst-descr\">\n\t    <h5 class=\"tst-mb-15\">\n\t    \t<a href=\"https:\/\/byblos.hu\/hu\/creamy-chicken-alfredo\/\" class=\"tst-anima-link\">Creamy Chicken Alfredo<\/a>\n\t    <\/h5>\n\t    \t    <div class=\"tst-date tst-date-m\">m\u00e1jus 1, 2021<\/div>\n\t  \t\t    \t    <div class=\"tst-text\"><p>Consectetur adipisicing elit. Soluta, impedit, saepe. Unde minima distinctio officiis amet temporibus, consequuntur dolorem dicta&#8230; <span class=\"tst-el-more\"><a href=\"https:\/\/byblos.hu\/hu\/creamy-chicken-alfredo\/\" class=\"tst-label tst-color tst-anima-link\">Read more<span class=\"screen-reader-text\">Read moreCreamy Chicken Alfredo<\/span><\/a><\/span><\/p>\n<\/div>\n\t    \t    <div class=\"tst-spacer-sm\"><\/div>\n\t    <div class=\"tst-post-bottom\">\n\t      <div class=\"tst-post-author\">\n\t      \t\t        <img decoding=\"async\" src=\"https:\/\/secure.gravatar.com\/avatar\/8ed161d4a00b66d02e02d9b2bca031b0022abb50935100f69b0ae27a0ab33f69?s=96&#038;d=mm&#038;r=g\" alt=\"admin\">\n\t    \t\t        <h6>admin<\/h6>\n\t      <\/div>\n\t      \t      <div class=\"tst-date\">m\u00e1jus 1, 2021<\/div>\n\t  \t  \t    <\/div>\n\t  <\/div>\n\t<\/div>\n\t<!-- #post-394 -->\n<\/div>\n<!-- blog card end -->\n          <\/div>\n                    <div class=\"col-lg-4\">\n            \n\n\n<!-- blog card -->\n<div class=\"tst-blog-card tst-mb-60\">\n\t<div id=\"post-392\" class=\"post-392 post type-post status-publish format-standard has-post-thumbnail hentry category-seafood tag-food tag-sea tag-soup\">\n\t  \t  <a href=\"https:\/\/byblos.hu\/hu\/air-fryer-salmon\/\" class=\"tst-cover-frame tst-anima-link\">\n\t    \t    <img decoding=\"async\" src=\"https:\/\/byblos.hu\/wp-content\/uploads\/2021\/05\/blog-2.jpg\" alt=\"Air Fryer Salmon\">\n\t    \t    \t\t<div class=\"tst-card-badge\">\n\t\t\tSeafood\t\t<\/div>\n\t\t\t  <\/a>\n\t  \t  <div class=\"tst-descr\">\n\t    <h5 class=\"tst-mb-15\">\n\t    \t<a href=\"https:\/\/byblos.hu\/hu\/air-fryer-salmon\/\" class=\"tst-anima-link\">Air Fryer Salmon<\/a>\n\t    <\/h5>\n\t    \t    <div class=\"tst-date tst-date-m\">m\u00e1jus 1, 2021<\/div>\n\t  \t\t    \t    <div class=\"tst-text\"><p>Consectetur adipisicing elit. Soluta, impedit, saepe. Unde minima distinctio officiis amet temporibus, consequuntur dolorem dicta&#8230; <span class=\"tst-el-more\"><a href=\"https:\/\/byblos.hu\/hu\/air-fryer-salmon\/\" class=\"tst-label tst-color tst-anima-link\">Read more<span class=\"screen-reader-text\">Read moreAir Fryer Salmon<\/span><\/a><\/span><\/p>\n<\/div>\n\t    \t    <div class=\"tst-spacer-sm\"><\/div>\n\t    <div class=\"tst-post-bottom\">\n\t      <div class=\"tst-post-author\">\n\t      \t\t        <img decoding=\"async\" src=\"https:\/\/secure.gravatar.com\/avatar\/8ed161d4a00b66d02e02d9b2bca031b0022abb50935100f69b0ae27a0ab33f69?s=96&#038;d=mm&#038;r=g\" alt=\"admin\">\n\t    \t\t        <h6>admin<\/h6>\n\t      <\/div>\n\t      \t      <div class=\"tst-date\">m\u00e1jus 1, 2021<\/div>\n\t  \t  \t    <\/div>\n\t  <\/div>\n\t<\/div>\n\t<!-- #post-392 -->\n<\/div>\n<!-- blog card end -->\n          <\/div>\n          \n          \t\t  <div class=\"col-lg-12\">\n\t\t    <!-- pagination -->\n\t\t    <div class=\"tst-a tst-pagination\">\n\t\t      \t<span aria-current=\"page\" class=\"page-numbers current\">1<\/span>\n<a class=\"page-numbers\" href=\"https:\/\/byblos.hu\/hu\/wp-json\/wp\/v2\/pages\/684\/page\/2\/\">2<\/a>\n<a class=\"next page-numbers\" href=\"https:\/\/byblos.hu\/hu\/wp-json\/wp\/v2\/pages\/684\/page\/2\/\">Next<\/a>\t\t    <\/div>\n\t\t    <!-- pagination end -->\n\t\t  <\/div>\n\t\t  \n\t\t                    <\/div>\n\n        <div class=\"tst-spacer\"><\/div>\n\n    \t<\/div>\n\n\t\t\t\t<\/div>\n\t\t\t\t<\/div>\n\t\t\t\t\t<\/div>\n\t\t<\/div>\n\t\t\t\t\t<\/div>\n\t\t<\/section>\n\t\t\t\t<\/div>","protected":false},"excerpt":{"rendered":"<p>articles Latest publications Porro eveniet, autem ipsam corrupti consectetur cum. Repudiandae dignissimos fugiat sit nam&#8230;. <span class=\"tst-el-more\"><a href=\"https:\/\/byblos.hu\/hu\/air-fryer-salmon\/\" class=\"tst-label tst-color tst-anima-link\">Read more<span class=\"screen-reader-text\">Read moreAir Fryer Salmon<\/span><\/a><\/span><\/p>","protected":false},"author":1,"featured_media":0,"parent":0,"menu_order":0,"comment_status":"closed","ping_status":"closed","template":"template-layout-builder.php","meta":{"footnotes":""},"class_list":["post-684","page","type-page","status-publish","hentry"],"acf":[],"yoast_head":"<!-- This site is optimized with the Yoast SEO plugin v21.4 - https:\/\/yoast.com\/wordpress\/plugins\/seo\/ -->\n<title>Blog - Byblos<\/title>\n<meta name=\"robots\" content=\"index, follow, max-snippet:-1, max-image-preview:large, max-video-preview:-1\" \/>\n<link rel=\"canonical\" href=\"https:\/\/byblos.hu\/hu\/blog\/\" \/>\n<meta property=\"og:locale\" content=\"hu_HU\" \/>\n<meta property=\"og:type\" content=\"article\" \/>\n<meta property=\"og:title\" content=\"Blog - Byblos\" \/>\n<meta property=\"og:description\" content=\"articles Latest publications Porro eveniet, autem ipsam corrupti consectetur cum. Repudiandae dignissimos fugiat sit nam.... Read moreRead moreAir Fryer Salmon\" \/>\n<meta property=\"og:url\" content=\"https:\/\/byblos.hu\/hu\/blog\/\" \/>\n<meta property=\"og:site_name\" content=\"Byblos\" \/>\n<meta property=\"article:modified_time\" content=\"2024-03-27T07:49:54+00:00\" \/>\n<meta property=\"og:image\" content=\"https:\/\/secure.gravatar.com\/avatar\/5f6495a3240e9bdccd2f46ff2365ac01?s=96&#038;d=mm&#038;r=g\" \/>\n<meta name=\"twitter:card\" content=\"summary_large_image\" \/>\n<meta name=\"twitter:label1\" content=\"Becs\u00fclt olvas\u00e1si id\u0151\" \/>\n\t<meta name=\"twitter:data1\" content=\"5 perc\" \/>\n<script type=\"application\/ld+json\" class=\"yoast-schema-graph\">{\"@context\":\"https:\/\/schema.org\",\"@graph\":[{\"@type\":\"WebPage\",\"@id\":\"https:\/\/byblos.hu\/blog\/\",\"url\":\"https:\/\/byblos.hu\/blog\/\",\"name\":\"Blog - Byblos\",\"isPartOf\":{\"@id\":\"https:\/\/byblos.hu\/#website\"},\"datePublished\":\"2021-05-07T10:08:22+00:00\",\"dateModified\":\"2024-03-27T07:49:54+00:00\",\"breadcrumb\":{\"@id\":\"https:\/\/byblos.hu\/blog\/#breadcrumb\"},\"inLanguage\":\"hu\",\"potentialAction\":[{\"@type\":\"ReadAction\",\"target\":[\"https:\/\/byblos.hu\/blog\/\"]}]},{\"@type\":\"BreadcrumbList\",\"@id\":\"https:\/\/byblos.hu\/blog\/#breadcrumb\",\"itemListElement\":[{\"@type\":\"ListItem\",\"position\":1,\"name\":\"Home\",\"item\":\"https:\/\/byblos.hu\/\"},{\"@type\":\"ListItem\",\"position\":2,\"name\":\"Blog\"}]},{\"@type\":\"WebSite\",\"@id\":\"https:\/\/byblos.hu\/#website\",\"url\":\"https:\/\/byblos.hu\/\",\"name\":\"Byblos\",\"description\":\"Fine Lebanese &amp; Levantine Cuisine \",\"publisher\":{\"@id\":\"https:\/\/byblos.hu\/#organization\"},\"potentialAction\":[{\"@type\":\"SearchAction\",\"target\":{\"@type\":\"EntryPoint\",\"urlTemplate\":\"https:\/\/byblos.hu\/?s={search_term_string}\"},\"query-input\":\"required name=search_term_string\"}],\"inLanguage\":\"hu\"},{\"@type\":\"Organization\",\"@id\":\"https:\/\/byblos.hu\/#organization\",\"name\":\"Byblos\",\"url\":\"https:\/\/byblos.hu\/\",\"logo\":{\"@type\":\"ImageObject\",\"inLanguage\":\"hu\",\"@id\":\"https:\/\/byblos.hu\/#\/schema\/logo\/image\/\",\"url\":\"https:\/\/byblos.hu\/wp-content\/uploads\/2023\/07\/BYBLOS_logo_v01_nagy.png\",\"contentUrl\":\"https:\/\/byblos.hu\/wp-content\/uploads\/2023\/07\/BYBLOS_logo_v01_nagy.png\",\"width\":2692,\"height\":2151,\"caption\":\"Byblos\"},\"image\":{\"@id\":\"https:\/\/byblos.hu\/#\/schema\/logo\/image\/\"}}]}<\/script>\n<!-- \/ Yoast SEO plugin. -->","yoast_head_json":{"title":"Blog - Byblos","robots":{"index":"index","follow":"follow","max-snippet":"max-snippet:-1","max-image-preview":"max-image-preview:large","max-video-preview":"max-video-preview:-1"},"canonical":"https:\/\/byblos.hu\/hu\/blog\/","og_locale":"hu_HU","og_type":"article","og_title":"Blog - Byblos","og_description":"articles Latest publications Porro eveniet, autem ipsam corrupti consectetur cum. Repudiandae dignissimos fugiat sit nam.... Read moreRead moreAir Fryer Salmon","og_url":"https:\/\/byblos.hu\/hu\/blog\/","og_site_name":"Byblos","article_modified_time":"2024-03-27T07:49:54+00:00","og_image":[{"url":"https:\/\/secure.gravatar.com\/avatar\/5f6495a3240e9bdccd2f46ff2365ac01?s=96&#038;d=mm&#038;r=g"}],"twitter_card":"summary_large_image","twitter_misc":{"Becs\u00fclt olvas\u00e1si id\u0151":"5 perc"},"schema":{"@context":"https:\/\/schema.org","@graph":[{"@type":"WebPage","@id":"https:\/\/byblos.hu\/blog\/","url":"https:\/\/byblos.hu\/blog\/","name":"Blog - Byblos","isPartOf":{"@id":"https:\/\/byblos.hu\/#website"},"datePublished":"2021-05-07T10:08:22+00:00","dateModified":"2024-03-27T07:49:54+00:00","breadcrumb":{"@id":"https:\/\/byblos.hu\/blog\/#breadcrumb"},"inLanguage":"hu","potentialAction":[{"@type":"ReadAction","target":["https:\/\/byblos.hu\/blog\/"]}]},{"@type":"BreadcrumbList","@id":"https:\/\/byblos.hu\/blog\/#breadcrumb","itemListElement":[{"@type":"ListItem","position":1,"name":"Home","item":"https:\/\/byblos.hu\/"},{"@type":"ListItem","position":2,"name":"Blog"}]},{"@type":"WebSite","@id":"https:\/\/byblos.hu\/#website","url":"https:\/\/byblos.hu\/","name":"Byblos","description":"Fine Lebanese &amp; Levantine Cuisine ","publisher":{"@id":"https:\/\/byblos.hu\/#organization"},"potentialAction":[{"@type":"SearchAction","target":{"@type":"EntryPoint","urlTemplate":"https:\/\/byblos.hu\/?s={search_term_string}"},"query-input":"required name=search_term_string"}],"inLanguage":"hu"},{"@type":"Organization","@id":"https:\/\/byblos.hu\/#organization","name":"Byblos","url":"https:\/\/byblos.hu\/","logo":{"@type":"ImageObject","inLanguage":"hu","@id":"https:\/\/byblos.hu\/#\/schema\/logo\/image\/","url":"https:\/\/byblos.hu\/wp-content\/uploads\/2023\/07\/BYBLOS_logo_v01_nagy.png","contentUrl":"https:\/\/byblos.hu\/wp-content\/uploads\/2023\/07\/BYBLOS_logo_v01_nagy.png","width":2692,"height":2151,"caption":"Byblos"},"image":{"@id":"https:\/\/byblos.hu\/#\/schema\/logo\/image\/"}}]}},"_links":{"self":[{"href":"https:\/\/byblos.hu\/hu\/wp-json\/wp\/v2\/pages\/684","targetHints":{"allow":["GET"]}}],"collection":[{"href":"https:\/\/byblos.hu\/hu\/wp-json\/wp\/v2\/pages"}],"about":[{"href":"https:\/\/byblos.hu\/hu\/wp-json\/wp\/v2\/types\/page"}],"author":[{"embeddable":true,"href":"https:\/\/byblos.hu\/hu\/wp-json\/wp\/v2\/users\/1"}],"replies":[{"embeddable":true,"href":"https:\/\/byblos.hu\/hu\/wp-json\/wp\/v2\/comments?post=684"}],"version-history":[{"count":5,"href":"https:\/\/byblos.hu\/hu\/wp-json\/wp\/v2\/pages\/684\/revisions"}],"predecessor-version":[{"id":3641,"href":"https:\/\/byblos.hu\/hu\/wp-json\/wp\/v2\/pages\/684\/revisions\/3641"}],"wp:attachment":[{"href":"https:\/\/byblos.hu\/hu\/wp-json\/wp\/v2\/media?parent=684"}],"curies":[{"name":"wp","href":"https:\/\/api.w.org\/{rel}","templated":true}]}}