{"id":624,"date":"2021-05-06T09:17:43","date_gmt":"2021-05-06T09:17:43","guid":{"rendered":"https:\/\/bslthemes.com\/tastyc\/?page_id=624"},"modified":"2025-01-15T12:09:10","modified_gmt":"2025-01-15T12:09:10","slug":"contact","status":"publish","type":"page","link":"https:\/\/byblos.hu\/hu\/contact\/","title":{"rendered":"Kapcsolat"},"content":{"rendered":"<div data-elementor-type=\"wp-page\" data-elementor-id=\"624\" class=\"elementor elementor-624\">\n\t\t\t\t\t\t<section class=\"elementor-section elementor-top-section elementor-element elementor-element-022cbc0 elementor-section-full_width elementor-section-height-default elementor-section-height-default\" data-id=\"022cbc0\" data-element_type=\"section\">\n\t\t\t\t\t\t<div class=\"elementor-container elementor-column-gap-no\">\n\t\t\t\t\t<div class=\"elementor-column elementor-col-100 elementor-top-column elementor-element elementor-element-c880e8f\" data-id=\"c880e8f\" data-element_type=\"column\">\n\t\t\t<div class=\"elementor-widget-wrap elementor-element-populated\">\n\t\t\t\t\t\t<div class=\"elementor-element elementor-element-4e096b0 elementor-widget elementor-widget-tastyc-services\" data-id=\"4e096b0\" data-element_type=\"widget\" data-widget_type=\"tastyc-services.default\">\n\t\t\t\t<div class=\"elementor-widget-container\">\n\t\t\t\n\t\t<!-- container -->\n\t\t<div class=\"container\">\n\n\t\t<div class=\"row\">\n\t\t            <div class=\"col-lg-12\">\n\n            <!-- title -->\n            <div class=\"text-center\">\n                            <div class=\"tst-suptitle tst-suptitle-center tst-mb-15\">\n              \t<span >\n\t\t          \tVegye fel vel\u00fcnk a kapcsolatot\t\t        <\/span>\n              <\/div>\n                                          <h3 class=\"tst-title--h tst-mb-30\">\n              \t<span >\n\t\t          \tKontakt Inform\u00e1ci\u00f3k\t\t        <\/span>\n              <\/h3>\n                                          <p class=\"tst-text tst-title--desc tst-mb-60\">\n              \t<span >\n\t\t          \tAz izgalom egyre nagyobb, \u00e9s az asztalaink gyorsan megtelnek! Szeretn\u00e9nk biztos\u00edtani, hogy a lehet\u0151 legjobb \u00e9tkez\u00e9si \u00e9lm\u00e9nyben legyen r\u00e9sze, ez\u00e9rt k\u00e9rj\u00fck, hogy m\u00e9g ma foglaljon asztalt.\t\t        <\/span>\n              <\/p>\n                          <\/div>\n            <!-- title end -->\n\n          <\/div>\n          \n          \t\t            <div class=\"col-lg-4\">\n\n            <!-- icon box -->\n            <div class=\"tst-icon-box tst-mb-60\">\n                            <img decoding=\"async\" src=\"https:\/\/byblos.hu\/wp-content\/uploads\/2021\/04\/icon-contact-email.png\" alt=\"\" class=\"tst-mb-30\" \/>\n                                          <h5 class=\"tst-mb-30\">\n              \t<span >\n\t        \t\t\u00cdrjon Nek\u00fcnk\t        \t<\/span>\n              <\/h5>\n                                          <div class=\"tst-text\">\n              \t<div >\n\t        \t\t<p><a href=\"mailto:byblosbudapest@gmail.com\">byblosbudapest@gmail.com<\/a><\/p>\t        \t<\/div>\n              <\/div>\n                          <\/div>\n            <!-- icon box end -->\n\n          <\/div>\n                    <div class=\"col-lg-4\">\n\n            <!-- icon box -->\n            <div class=\"tst-icon-box tst-mb-60\">\n                            <img decoding=\"async\" src=\"https:\/\/byblos.hu\/wp-content\/uploads\/2021\/04\/icon-contact-tel.png\" alt=\"\" class=\"tst-mb-30\" \/>\n                                          <h5 class=\"tst-mb-30\">\n              \t<span >\n\t        \t\tH\u00edvjon Minket\t        \t<\/span>\n              <\/h5>\n                                          <div class=\"tst-text\">\n              \t<div >\n\t        \t\t<p>\u202d<a href=\"tel:0036300979797\">+36 30 097 9797\u202c<\/a><br \/><br \/><\/p>\t        \t<\/div>\n              <\/div>\n                          <\/div>\n            <!-- icon box end -->\n\n          <\/div>\n                    <div class=\"col-lg-4\">\n\n            <!-- icon box -->\n            <div class=\"tst-icon-box tst-mb-60\">\n                            <img decoding=\"async\" src=\"https:\/\/byblos.hu\/wp-content\/uploads\/2021\/04\/icon-contact-adr.png\" alt=\"\" class=\"tst-mb-30\" \/>\n                                          <h5 class=\"tst-mb-30\">\n              \t<span >\n\t        \t\tL\u00e1togasson el Hozz\u00e1nk\t        \t<\/span>\n              <\/h5>\n                                          <div class=\"tst-text\">\n              \t<div >\n\t        \t\t<p>1052 Budapest Semmelweis utca 1-3.<\/p>\t        \t<\/div>\n              <\/div>\n                          <\/div>\n            <!-- icon box end -->\n\n          <\/div>\n                    \n        <\/div>\n\n        <div class=\"tst-spacer tst-spacer-only-bottom-space\"><\/div>\n\n\t\t<\/div>\n\t\t<!-- container end -->\n\n\t\t\t\t<\/div>\n\t\t\t\t<\/div>\n\t\t\t\t\t<\/div>\n\t\t<\/div>\n\t\t\t\t\t<\/div>\n\t\t<\/section>\n\t\t\t\t<section class=\"elementor-section elementor-top-section elementor-element elementor-element-c7da366 elementor-section-full_width elementor-section-height-default elementor-section-height-default\" data-id=\"c7da366\" data-element_type=\"section\" data-settings=\"{&quot;background_background&quot;:&quot;classic&quot;}\">\n\t\t\t\t\t\t\t<div class=\"elementor-background-overlay\"><\/div>\n\t\t\t\t\t\t\t<div class=\"elementor-container elementor-column-gap-no\">\n\t\t\t\t\t<div class=\"elementor-column elementor-col-100 elementor-top-column elementor-element elementor-element-60f27be\" data-id=\"60f27be\" data-element_type=\"column\">\n\t\t\t<div class=\"elementor-widget-wrap elementor-element-populated\">\n\t\t\t\t\t\t<div class=\"elementor-element elementor-element-7ce567b elementor-widget elementor-widget-tastyc-subscribe-form\" data-id=\"7ce567b\" data-element_type=\"widget\" data-widget_type=\"tastyc-subscribe-form.default\">\n\t\t\t\t<div class=\"elementor-widget-container\">\n\t\t\t\n\t\t<!-- container -->\n\t\t<div class=\"container\">\n\n\t\t<div class=\"tst-banner-sm\">\n                    <div class=\"row align-items-center\">\n            <div class=\"col-lg-12\">\n              <div class=\"tst-text-frame text-left\">\n              \t                <div class=\"tst-suptitle tst-suptitle-mobile-center tst-suptitle-left tst-text-shadow tst-white-2 tst-mb-15\">\n                \t<span >\n\t\t          \t\tH\u00edrlev\u00e9l\t\t         \t<\/span>\n                <\/div>\n                                                <h2 class=\"tst-title--h tst-white-2 tst-text-shadow tst-mb-30\">\n            \t\t<span >\n\t\t          \t\tIratkozz fel <br>hirlevel\u00fcnkre\t\t         \t<\/span>\n            \t<\/h2>\n            \t                                <p class=\"tst-text tst-white-2 tst-text-shadow tst-mb-30\">\n                \t<span >\n\t\t          \t\tRolorem, beatae dolorum, praesentium itaque et quam quaerat.\t\t         \t<\/span>\n                <\/p>\n                                                \t[contact-form-7 id=\"368\"]                              <\/div>\n            <\/div>\n          <\/div>\n        <\/div>\n\n\t\t<\/div>\n\t\t<!-- container end -->\n\n\t\t\t\t<\/div>\n\t\t\t\t<\/div>\n\t\t\t\t\t<\/div>\n\t\t<\/div>\n\t\t\t\t\t<\/div>\n\t\t<\/section>\n\t\t\t\t<\/div>","protected":false},"excerpt":{"rendered":"<p>Get in touch Contact Information Excitement is brewing, and our tables are filling up fast! We want to ensure you&#8230; <span class=\"tst-el-more\"><a href=\"https:\/\/byblos.hu\/hu\/contact\/\" class=\"tst-label tst-color tst-anima-link\">Read more<span class=\"screen-reader-text\">Read moreContact<\/span><\/a><\/span><\/p>","protected":false},"author":1,"featured_media":0,"parent":0,"menu_order":0,"comment_status":"closed","ping_status":"closed","template":"template-layout-builder.php","meta":{"footnotes":""},"class_list":["post-624","page","type-page","status-publish","hentry"],"acf":[],"yoast_head":"<!-- This site is optimized with the Yoast SEO plugin v21.4 - https:\/\/yoast.com\/wordpress\/plugins\/seo\/ -->\n<title>Contact - Byblos<\/title>\n<meta name=\"robots\" content=\"index, follow, max-snippet:-1, max-image-preview:large, max-video-preview:-1\" \/>\n<link rel=\"canonical\" href=\"https:\/\/byblos.hu\/hu\/contact\/\" \/>\n<meta property=\"og:locale\" content=\"hu_HU\" \/>\n<meta property=\"og:type\" content=\"article\" \/>\n<meta property=\"og:title\" content=\"Contact - Byblos\" \/>\n<meta property=\"og:description\" content=\"Get in touch Contact Information Excitement is brewing, and our tables are filling up fast! We want to ensure you... Read moreRead moreContact\" \/>\n<meta property=\"og:url\" content=\"https:\/\/byblos.hu\/hu\/contact\/\" \/>\n<meta property=\"og:site_name\" content=\"Byblos\" \/>\n<meta property=\"article:modified_time\" content=\"2025-01-15T12:09:10+00:00\" \/>\n<meta property=\"og:image\" content=\"https:\/\/byblos.hu\/wp-content\/uploads\/2021\/04\/icon-contact-email.png\" \/>\n<meta name=\"twitter:card\" content=\"summary_large_image\" \/>\n<meta name=\"twitter:label1\" content=\"Becs\u00fclt olvas\u00e1si id\u0151\" \/>\n\t<meta name=\"twitter:data1\" content=\"1 perc\" \/>\n<script type=\"application\/ld+json\" class=\"yoast-schema-graph\">{\"@context\":\"https:\/\/schema.org\",\"@graph\":[{\"@type\":\"WebPage\",\"@id\":\"https:\/\/byblos.hu\/contact\/\",\"url\":\"https:\/\/byblos.hu\/contact\/\",\"name\":\"Contact - Byblos\",\"isPartOf\":{\"@id\":\"https:\/\/byblos.hu\/#website\"},\"datePublished\":\"2021-05-06T09:17:43+00:00\",\"dateModified\":\"2025-01-15T12:09:10+00:00\",\"breadcrumb\":{\"@id\":\"https:\/\/byblos.hu\/contact\/#breadcrumb\"},\"inLanguage\":\"hu\",\"potentialAction\":[{\"@type\":\"ReadAction\",\"target\":[\"https:\/\/byblos.hu\/contact\/\"]}]},{\"@type\":\"BreadcrumbList\",\"@id\":\"https:\/\/byblos.hu\/contact\/#breadcrumb\",\"itemListElement\":[{\"@type\":\"ListItem\",\"position\":1,\"name\":\"Home\",\"item\":\"https:\/\/byblos.hu\/\"},{\"@type\":\"ListItem\",\"position\":2,\"name\":\"Contact\"}]},{\"@type\":\"WebSite\",\"@id\":\"https:\/\/byblos.hu\/#website\",\"url\":\"https:\/\/byblos.hu\/\",\"name\":\"Byblos\",\"description\":\"Fine Lebanese &amp; Levantine Cuisine \",\"publisher\":{\"@id\":\"https:\/\/byblos.hu\/#organization\"},\"potentialAction\":[{\"@type\":\"SearchAction\",\"target\":{\"@type\":\"EntryPoint\",\"urlTemplate\":\"https:\/\/byblos.hu\/?s={search_term_string}\"},\"query-input\":\"required name=search_term_string\"}],\"inLanguage\":\"hu\"},{\"@type\":\"Organization\",\"@id\":\"https:\/\/byblos.hu\/#organization\",\"name\":\"Byblos\",\"url\":\"https:\/\/byblos.hu\/\",\"logo\":{\"@type\":\"ImageObject\",\"inLanguage\":\"hu\",\"@id\":\"https:\/\/byblos.hu\/#\/schema\/logo\/image\/\",\"url\":\"https:\/\/byblos.hu\/wp-content\/uploads\/2023\/07\/BYBLOS_logo_v01_nagy.png\",\"contentUrl\":\"https:\/\/byblos.hu\/wp-content\/uploads\/2023\/07\/BYBLOS_logo_v01_nagy.png\",\"width\":2692,\"height\":2151,\"caption\":\"Byblos\"},\"image\":{\"@id\":\"https:\/\/byblos.hu\/#\/schema\/logo\/image\/\"}}]}<\/script>\n<!-- \/ Yoast SEO plugin. -->","yoast_head_json":{"title":"Contact - Byblos","robots":{"index":"index","follow":"follow","max-snippet":"max-snippet:-1","max-image-preview":"max-image-preview:large","max-video-preview":"max-video-preview:-1"},"canonical":"https:\/\/byblos.hu\/hu\/contact\/","og_locale":"hu_HU","og_type":"article","og_title":"Contact - Byblos","og_description":"Get in touch Contact Information Excitement is brewing, and our tables are filling up fast! We want to ensure you... Read moreRead moreContact","og_url":"https:\/\/byblos.hu\/hu\/contact\/","og_site_name":"Byblos","article_modified_time":"2025-01-15T12:09:10+00:00","og_image":[{"url":"https:\/\/byblos.hu\/wp-content\/uploads\/2021\/04\/icon-contact-email.png"}],"twitter_card":"summary_large_image","twitter_misc":{"Becs\u00fclt olvas\u00e1si id\u0151":"1 perc"},"schema":{"@context":"https:\/\/schema.org","@graph":[{"@type":"WebPage","@id":"https:\/\/byblos.hu\/contact\/","url":"https:\/\/byblos.hu\/contact\/","name":"Contact - Byblos","isPartOf":{"@id":"https:\/\/byblos.hu\/#website"},"datePublished":"2021-05-06T09:17:43+00:00","dateModified":"2025-01-15T12:09:10+00:00","breadcrumb":{"@id":"https:\/\/byblos.hu\/contact\/#breadcrumb"},"inLanguage":"hu","potentialAction":[{"@type":"ReadAction","target":["https:\/\/byblos.hu\/contact\/"]}]},{"@type":"BreadcrumbList","@id":"https:\/\/byblos.hu\/contact\/#breadcrumb","itemListElement":[{"@type":"ListItem","position":1,"name":"Home","item":"https:\/\/byblos.hu\/"},{"@type":"ListItem","position":2,"name":"Contact"}]},{"@type":"WebSite","@id":"https:\/\/byblos.hu\/#website","url":"https:\/\/byblos.hu\/","name":"Byblos","description":"Fine Lebanese &amp; Levantine Cuisine ","publisher":{"@id":"https:\/\/byblos.hu\/#organization"},"potentialAction":[{"@type":"SearchAction","target":{"@type":"EntryPoint","urlTemplate":"https:\/\/byblos.hu\/?s={search_term_string}"},"query-input":"required name=search_term_string"}],"inLanguage":"hu"},{"@type":"Organization","@id":"https:\/\/byblos.hu\/#organization","name":"Byblos","url":"https:\/\/byblos.hu\/","logo":{"@type":"ImageObject","inLanguage":"hu","@id":"https:\/\/byblos.hu\/#\/schema\/logo\/image\/","url":"https:\/\/byblos.hu\/wp-content\/uploads\/2023\/07\/BYBLOS_logo_v01_nagy.png","contentUrl":"https:\/\/byblos.hu\/wp-content\/uploads\/2023\/07\/BYBLOS_logo_v01_nagy.png","width":2692,"height":2151,"caption":"Byblos"},"image":{"@id":"https:\/\/byblos.hu\/#\/schema\/logo\/image\/"}}]}},"_links":{"self":[{"href":"https:\/\/byblos.hu\/hu\/wp-json\/wp\/v2\/pages\/624","targetHints":{"allow":["GET"]}}],"collection":[{"href":"https:\/\/byblos.hu\/hu\/wp-json\/wp\/v2\/pages"}],"about":[{"href":"https:\/\/byblos.hu\/hu\/wp-json\/wp\/v2\/types\/page"}],"author":[{"embeddable":true,"href":"https:\/\/byblos.hu\/hu\/wp-json\/wp\/v2\/users\/1"}],"replies":[{"embeddable":true,"href":"https:\/\/byblos.hu\/hu\/wp-json\/wp\/v2\/comments?post=624"}],"version-history":[{"count":20,"href":"https:\/\/byblos.hu\/hu\/wp-json\/wp\/v2\/pages\/624\/revisions"}],"predecessor-version":[{"id":3767,"href":"https:\/\/byblos.hu\/hu\/wp-json\/wp\/v2\/pages\/624\/revisions\/3767"}],"wp:attachment":[{"href":"https:\/\/byblos.hu\/hu\/wp-json\/wp\/v2\/media?parent=624"}],"curies":[{"name":"wp","href":"https:\/\/api.w.org\/{rel}","templated":true}]}}