{"id":490,"date":"2021-05-01T19:18:53","date_gmt":"2021-05-01T19:18:53","guid":{"rendered":"https:\/\/bslthemes.com\/tastyc\/?page_id=490"},"modified":"2024-03-18T10:03:34","modified_gmt":"2024-03-18T10:03:34","slug":"about-us","status":"publish","type":"page","link":"https:\/\/byblos.hu\/hu\/about-us\/","title":{"rendered":"Kik vagyunk?"},"content":{"rendered":"<div data-elementor-type=\"wp-page\" data-elementor-id=\"490\" class=\"elementor elementor-490\">\n\t\t\t\t\t\t<section class=\"elementor-section elementor-top-section elementor-element elementor-element-9683c4e elementor-section-full_width elementor-section-height-default elementor-section-height-default\" data-id=\"9683c4e\" data-element_type=\"section\">\n\t\t\t\t\t\t<div class=\"elementor-container elementor-column-gap-no\">\n\t\t\t\t\t<div class=\"elementor-column elementor-col-100 elementor-top-column elementor-element elementor-element-4db2153\" data-id=\"4db2153\" data-element_type=\"column\">\n\t\t\t<div class=\"elementor-widget-wrap elementor-element-populated\">\n\t\t\t\t\t\t<div class=\"elementor-element elementor-element-9657b78 elementor-widget elementor-widget-tastyc-about-us-wide\" data-id=\"9657b78\" data-element_type=\"widget\" data-widget_type=\"tastyc-about-us-wide.default\">\n\t\t\t\t<div class=\"elementor-widget-container\">\n\t\t\t\n\t\t<!-- container -->\n\t\t<div class=\"container\">\n\n\t\t<div class=\"row\">\n\n                    <div class=\"col-lg-12\">\n\n            <!-- about text -->\n            <div class=\"tst-mb-60 text-center\">\n                            <div class=\"tst-suptitle tst-suptitle-center tst-mb-15\">\n              \t<span >\n\t\t\t\t\tKik vagyunk?\t\t\t\t<\/span>\n              <\/div>\n                                          <h3 class=\"tst-title--h text-center tst-mb-30\">\n              \t<span >\n\t\t\t\t\tMegh\u00edvunk<br>az \u00e9tterm\u00fcnkbe!\t\t\t\t<\/span>\n              <\/h3>\n                                          <div class=\"tst-text tst-mb-30\">\n              \t<div >\n\t\t\t\t  \t<p>A Byblos Budapest egy libanoni \u00e9tterem, mely a keleti \u00e9s a mediterr\u00e1n konyha h\u00e1zass\u00e1g\u00e1t k\u00e9pviseli. Er\u0151sen t\u00e1maszkodik mind a hagyom\u00e1nyos, mind a helyi alapanyagokra. A klasszikus \u00e9s modern m\u00f3dszerek alkalmaz\u00e1s\u00e1val \u00e9teleink bemutatj\u00e1k a Levantine-i konyha k\u00fcl\u00f6nlegess\u00e9geit \u00e9s \u00edz\u00e9t. A men\u00fc igazi utaz\u00e1s a mediterr\u00e1n \u00e9s a keleti \u00edzek k\u00f6z\u00f6tt. Byblos Budapest csal\u00e1dias l\u00e9gk\u00f6rben k\u00edn\u00e1lja sz\u00e9les v\u00e1laszt\u00e9k\u00e1t a veg\u00e1n \u00e9teleknek, melyek kiz\u00e1r\u00f3lagosan halal forr\u00e1sb\u00f3l sz\u00e1rmaznak.<\/p><p><span style=\"color: var( --e-global-color-text )\">A testv\u00e9remmel r\u00e9gi \u00e1lmunk v\u00e1lt val\u00f3ra azzal, hogy megnyitottuk a konyh\u00e1nkat. T\u00f6bb mint 20 \u00e9ves szakmai tapasztalattal rendelkez\u00fcnk, melyet \u00f6tcsillagos sz\u00e1llod\u00e1kban \u00e9s \u00e9ttermekben szerezt\u00fcnk<\/span><br><\/p><p>A Byblos Budapest a libanoni \u00e9s levantin konyha legfinomabb \u00f6sszetev\u0151it k\u00edn\u00e1lja egy var\u00e1zslatos men\u00fcsorral.<\/p><p><span style=\"color: var( --e-global-color-text )\">J\u00f3 \u00e9tv\u00e1gyat k\u00edv\u00e1nunk \u00e9s k\u00f6sz\u00f6nj\u00fck, hogy megtisztelte \u00e9tterm\u00fcnket!<\/span><br><\/p>\t\t\t\t<\/div>\n              <\/div>\n                                          \t\t\t\t<a target=\"_blank\" href=\"https:\/\/www.facebook.com\/byblosbudapest\/\" class=\"tst-icon-link\" title=\"Facebook\" rel=\"noopener\">\n\t\t\t\t<i class=\"fab fa-facebook-f\"><\/i>\t\t\t\t<\/a>\n\t\t\t  \t\t\t\t<a target=\"_blank\" href=\"https:\/\/www.instagram.com\/byblosbudapest\/\" class=\"tst-icon-link\" title=\"Instagram\" rel=\"noopener\">\n\t\t\t\t<i class=\"fab fa-instagram\"><\/i>\t\t\t\t<\/a>\n\t\t\t  \t\t\t\t<a target=\"_blank\" href=\"https:\/\/twitter.com\/byblosbudapest\" class=\"tst-icon-link\" title=\"Twitter\" rel=\"noopener\">\n\t\t\t\t<i class=\"fab fa-twitter\"><\/i>\t\t\t\t<\/a>\n\t\t\t  \t\t\t\t<a target=\"_blank\" href=\"https:\/\/maps.app.goo.gl\/gKD1xaFRL1TCV6kY8\" class=\"tst-icon-link\" title=\"Youtube\" rel=\"noopener\">\n\t\t\t\t<i class=\"fab fa-google\"><\/i>\t\t\t\t<\/a>\n\t\t\t                            <\/div>\n            <!-- about text end -->\n\n          <\/div>\n\n        <\/div>\n        \n                <div class=\"row justify-content-center\">\n                    <div class=\"col-6 col-lg-2\">\n            <div class=\"tst-awards\">\n                            <img decoding=\"async\" src=\"\" alt=\"Enter title\">\n                                          <div class=\"tst-label\">\n              \t<span >\n\t        \t\tEnter title\t        \t<\/span>\n              <\/div>\n                          <\/div>\n          <\/div>\n                  <\/div>\n        \n                <div class=\"row\">\n\n          <div class=\"col-lg-12\">\n\n            <!-- about video -->\n            <div class=\"tst-about-cover tst-video-cover tst-mb-60\">\n                            <img decoding=\"async\" src=\"https:\/\/byblos.hu\/wp-content\/uploads\/2023\/08\/dsc_9276.jpg\" alt=\"Who we are\" class=\"tst-cover animateme\" data-when=\"span\" data-from=\"-1\" data-to=\"2\" data-easing=\"easeinout\" data-scale=\"1.2\">\n                            <div class=\"tst-overlay\"><\/div>\n                            <div class=\"tst-btn-animation\"><\/div>\n              <a class=\"tst-play-button\" href=\"https:\/\/www.youtube.com\/watch?v=2ibZTxUuvpc\" data-width=\"1000\" data-height=\"600\" data-magnific-video target=\"_blank\" rel=\"noopener\">\n                <i class=\"fas fa-play\"><\/i>\n              <\/a>\n                          <\/div>\n            <!-- about video end -->\n\n          <\/div>\n\n        <\/div>\n        \n        <div class=\"tst-spacer tst-spacer-only-bottom-space\"><\/div>\n\n        <\/div>\n\n\t\t\t\t<\/div>\n\t\t\t\t<\/div>\n\t\t\t\t\t<\/div>\n\t\t<\/div>\n\t\t\t\t\t<\/div>\n\t\t<\/section>\n\t\t\t\t<section class=\"elementor-section elementor-top-section elementor-element elementor-element-9f7cb3a elementor-section-full_width elementor-section-height-default elementor-section-height-default\" data-id=\"9f7cb3a\" data-element_type=\"section\">\n\t\t\t\t\t\t<div class=\"elementor-container elementor-column-gap-no\">\n\t\t\t\t\t<div class=\"elementor-column elementor-col-100 elementor-top-column elementor-element elementor-element-5d51e3b\" data-id=\"5d51e3b\" data-element_type=\"column\">\n\t\t\t<div class=\"elementor-widget-wrap elementor-element-populated\">\n\t\t\t\t\t\t<section class=\"elementor-section elementor-inner-section elementor-element elementor-element-8fadee9 elementor-section-full_width elementor-section-height-default elementor-section-height-default\" data-id=\"8fadee9\" data-element_type=\"section\">\n\t\t\t\t\t\t<div class=\"elementor-container elementor-column-gap-no\">\n\t\t\t\t\t<div class=\"elementor-column elementor-col-100 elementor-inner-column elementor-element elementor-element-def09e1\" data-id=\"def09e1\" data-element_type=\"column\">\n\t\t\t<div class=\"elementor-widget-wrap elementor-element-populated\">\n\t\t\t\t\t\t<div class=\"elementor-element elementor-element-0f50e40 elementor-widget elementor-widget-tastyc-section-heading\" data-id=\"0f50e40\" data-element_type=\"widget\" data-widget_type=\"tastyc-section-heading.default\">\n\t\t\t\t<div class=\"elementor-widget-container\">\n\t\t\t\n\t\t<!-- section heading -->\n\t\t<div class=\"container\">\n\n\t\t<div class=\"row\">\n\t\t            <div class=\"col-lg-12\">\n\n            <!-- title -->\n            <div class=\"text-center\">\n                            <div class=\"tst-suptitle tst-suptitle-center tst-mb-15\">\n              \t<span >\n\t\t          \tTeam\t\t        <\/span>\n              <\/div>\n                                          <h3 class=\"tst-title--h tst-mb-30\">\n              \t<span >\n\t\t          \tBemutatkoznak a s\u00e9fek\t\t        <\/span>\n              <\/h3>\n                                          <p class=\"tst-text tst-title--desc tst-mb-60\">\n              \t<span >\n\t\t          \tIsmerje meg a Byblos Budapest \u00edzei m\u00f6g\u00f6tt \u00e1ll\u00f3 kulin\u00e1ris mestereket. A kreativit\u00e1s ir\u00e1nti szenved\u00e9ly\u00fckkel <br>\u00e9s a mesters\u00e9g\u00fck ir\u00e1nti megingathatatlan elk\u00f6telezetts\u00e9g\u00fckkel s\u00e9fjeink a k\u00f6zel-keleti konyha esszenci\u00e1j\u00e1t keltik \u00e9letre minden t\u00e1ny\u00e9ron....\t\t        <\/span>\n              <\/p>\n                          <\/div>\n            <!-- title end -->\n\n          <\/div>\n          \n                  <\/div>\n\n\t\t<\/div>\n\n\t\t\t\t<\/div>\n\t\t\t\t<\/div>\n\t\t\t\t\t<\/div>\n\t\t<\/div>\n\t\t\t\t\t<\/div>\n\t\t<\/section>\n\t\t\t\t<section class=\"elementor-section elementor-inner-section elementor-element elementor-element-7b8a8f9 elementor-section-boxed elementor-section-height-default elementor-section-height-default\" data-id=\"7b8a8f9\" data-element_type=\"section\">\n\t\t\t\t\t\t<div class=\"elementor-container elementor-column-gap-extended\">\n\t\t\t\t\t<div class=\"elementor-column elementor-col-50 elementor-inner-column elementor-element elementor-element-6629334\" data-id=\"6629334\" data-element_type=\"column\">\n\t\t\t<div class=\"elementor-widget-wrap elementor-element-populated\">\n\t\t\t\t\t\t<div class=\"elementor-element elementor-element-a8da6b7 elementor-widget elementor-widget-tastyc-team\" data-id=\"a8da6b7\" data-element_type=\"widget\" data-widget_type=\"tastyc-team.default\">\n\t\t\t\t<div class=\"elementor-widget-container\">\n\t\t\t\n\t\t<!-- team member -->\n        <div class=\"tst-team-member\">\n                    <a href=\"\" class=\"tst-member-portrait-frame tst-anima-link\">\n            <img decoding=\"async\" src=\"https:\/\/byblos.hu\/wp-content\/uploads\/2023\/07\/byblos_libanoni-izek-15-1920x1280-1.jpg\" alt=\"Osama Kutaini\">\n          <\/a>\n                    <div class=\"tst-member-descr\">\n          \t            <h5 class=\"tst-mb-15\">\n            \t<a href=\"\" class=\"tst-anima-link\">\n            \t\t<span >\n\t\t\t\t\t\tOsama Kutaini\t\t\t\t\t<\/span>\n            \t<\/a>\n            <\/h5>\n                                    <div class=\"tst-text\">\n            \t<span >\n\t\t\t\t\tExecutive Chef\t\t\t\t<\/span>\n            <\/div>\n                        <div class=\"tst-spacer-sm\"><\/div>\n                        <div class=\"tst-member-social\">\n                            <a href=\"https:\/\/www.facebook.com\/ossama.kutaini\" target=\"_blank\" title=\"Facebook\" class=\"tst-icon-link\" rel=\"noopener\">\n              \t<i aria-hidden=\"true\" class=\"fab fa-facebook-f\"><\/i>              <\/a>\n                            <a href=\"http:\/\/Instagram\" target=\"_blank\" title=\"https:\/\/www.instagram.com\/chef_osama_kutaini\/\" class=\"tst-icon-link\">\n              \t<i aria-hidden=\"true\" class=\"fab fa-instagram\"><\/i>              <\/a>\n                          <\/div>\n                      <\/div>\n        <\/div>\n        <!-- team member end -->\n\n\t\t\t\t<\/div>\n\t\t\t\t<\/div>\n\t\t\t\t\t<\/div>\n\t\t<\/div>\n\t\t\t\t<div class=\"elementor-column elementor-col-50 elementor-inner-column elementor-element elementor-element-1f25b8f\" data-id=\"1f25b8f\" data-element_type=\"column\">\n\t\t\t<div class=\"elementor-widget-wrap elementor-element-populated\">\n\t\t\t\t\t\t<div class=\"elementor-element elementor-element-1be7dee elementor-widget elementor-widget-tastyc-team\" data-id=\"1be7dee\" data-element_type=\"widget\" data-widget_type=\"tastyc-team.default\">\n\t\t\t\t<div class=\"elementor-widget-container\">\n\t\t\t\n\t\t<!-- team member -->\n        <div class=\"tst-team-member\">\n                    <a href=\"\" class=\"tst-member-portrait-frame tst-anima-link\">\n            <img decoding=\"async\" src=\"https:\/\/byblos.hu\/wp-content\/uploads\/2023\/08\/Mohammed-Kutaini.webp\" alt=\"Mohamad Kutaini\">\n          <\/a>\n                    <div class=\"tst-member-descr\">\n          \t            <h5 class=\"tst-mb-15\">\n            \t<a href=\"\" class=\"tst-anima-link\">\n            \t\t<span >\n\t\t\t\t\t\tMohamad Kutaini\t\t\t\t\t<\/span>\n            \t<\/a>\n            <\/h5>\n                                    <div class=\"tst-text\">\n            \t<span >\n\t\t\t\t\tExecutive Chef\t\t\t\t<\/span>\n            <\/div>\n                        <div class=\"tst-spacer-sm\"><\/div>\n                        <div class=\"tst-member-social\">\n                            <a href=\"https:\/\/www.facebook.com\/profile.php?id=100005004674818\" target=\"_blank\" title=\"Facebook\" class=\"tst-icon-link\" rel=\"noopener\">\n              \t<i aria-hidden=\"true\" class=\"fab fa-facebook-f\"><\/i>              <\/a>\n                            <a href=\"https:\/\/www.instagram.com\/mohamadkut777\/\" target=\"_blank\" title=\"Instagram\" class=\"tst-icon-link\" rel=\"noopener\">\n              \t<i aria-hidden=\"true\" class=\"fab fa-instagram\"><\/i>              <\/a>\n                          <\/div>\n                      <\/div>\n        <\/div>\n        <!-- team member end -->\n\n\t\t\t\t<\/div>\n\t\t\t\t<\/div>\n\t\t\t\t\t<\/div>\n\t\t<\/div>\n\t\t\t\t\t<\/div>\n\t\t<\/section>\n\t\t\t\t\t<\/div>\n\t\t<\/div>\n\t\t\t\t\t<\/div>\n\t\t<\/section>\n\t\t\t\t<section class=\"elementor-section elementor-top-section elementor-element elementor-element-626d68e4 elementor-section-full_width elementor-section-height-default elementor-section-height-default\" data-id=\"626d68e4\" data-element_type=\"section\" data-settings=\"{&quot;background_background&quot;:&quot;classic&quot;}\">\n\t\t\t\t\t\t\t<div class=\"elementor-background-overlay\"><\/div>\n\t\t\t\t\t\t\t<div class=\"elementor-container elementor-column-gap-no\">\n\t\t\t\t\t<div class=\"elementor-column elementor-col-100 elementor-top-column elementor-element elementor-element-5236f487\" data-id=\"5236f487\" data-element_type=\"column\" data-settings=\"{&quot;background_background&quot;:&quot;classic&quot;}\">\n\t\t\t<div class=\"elementor-widget-wrap elementor-element-populated\">\n\t\t\t\t\t<div class=\"elementor-background-overlay\"><\/div>\n\t\t\t\t\t\t<div class=\"elementor-element elementor-element-b5e1729 e-transform elementor-widget elementor-widget-tastyc-schedule\" data-id=\"b5e1729\" data-element_type=\"widget\" data-settings=\"{&quot;_transform_translateX_effect&quot;:{&quot;unit&quot;:&quot;px&quot;,&quot;size&quot;:&quot;&quot;,&quot;sizes&quot;:[]},&quot;_transform_translateX_effect_tablet&quot;:{&quot;unit&quot;:&quot;px&quot;,&quot;size&quot;:&quot;&quot;,&quot;sizes&quot;:[]},&quot;_transform_translateX_effect_mobile&quot;:{&quot;unit&quot;:&quot;px&quot;,&quot;size&quot;:&quot;&quot;,&quot;sizes&quot;:[]},&quot;_transform_translateY_effect&quot;:{&quot;unit&quot;:&quot;px&quot;,&quot;size&quot;:&quot;&quot;,&quot;sizes&quot;:[]},&quot;_transform_translateY_effect_tablet&quot;:{&quot;unit&quot;:&quot;px&quot;,&quot;size&quot;:&quot;&quot;,&quot;sizes&quot;:[]},&quot;_transform_translateY_effect_mobile&quot;:{&quot;unit&quot;:&quot;px&quot;,&quot;size&quot;:&quot;&quot;,&quot;sizes&quot;:[]}}\" data-widget_type=\"tastyc-schedule.default\">\n\t\t\t\t<div class=\"elementor-widget-container\">\n\t\t\t\n\t\t<!-- container -->\n\t\t<div class=\"container\">\n\n\t\t<!-- banner sm -->\n        <div class=\"tst-banner-sm\">\n\n          \n          <div class=\"row align-items-center\">\n\n            <div class=\"col-lg-8\">\n\n              <div class=\"tst-text-frame\">\n              \t                <div class=\"tst-suptitle tst-suptitle-mobile-center tst-white-2 tst-mb-15\">\n                \t<span >\n\t\t\t          \tAsztalfoglal\u00e1s\t\t\t        <\/span>\n                <\/div>\n                                                <h2 class=\"tst-title--h tst-white-2 tst-mb-30\">\n                \t<span >\n\t\t\t          \tNyitvatart\u00e1s\t\t\t        <\/span>\n                <\/h2>\n                                                <p class=\"tst-text tst-white-2 tst-mb-30\">\n                \t<span >\n\t\t\t          \tAj\u00e1nljuk, hogy foglald le asztalodat most \u00e9s  biztos\u00edtsd helyedet az \u00e9lvezetes \u00e9tkez\u00e9s \u00e9lm\u00e9ny\u00e9\u00e9rt. Foglalj most a felejthetetlen vacsor\u00e1\u00e9rt!\t\t\t        <\/span>\n                <\/p>\n                                                <div class=\"tst-btn-mobile\">\n                                    <a href=\"https:\/\/book.easytablebooking.com\/book\/?id=59963&#038;lang=auto\" class=\"tst-btn tst-mr-30\" target=\"_blank\" rel=\"noopener\">\n                  \t<span >\n\t\t\t          \tAsztalfoglal\u00e1s\t\t\t        <\/span>\n                  <\/a>\n                                                      <a href=\"https:\/\/byblos.hu\/hu\/contact\/\" class=\"tst-label tst-white-2\">\n                  \t<span >\n\t\t\t          \tKapcsolat\t\t\t        <\/span>\n                  <\/a>\n                                  <\/div>\n                              <\/div>\n\n            <\/div>\n            <div class=\"col-lg-4\">\n\n              <div class=\"tst-wh-frame\">\n              \t\n              \t\t\t\t\t                <div class=\"tst-wh-time tst-mb-30\">\n                                    <div class=\"tst-label tst-mb-15\">\n                  \t<span >\n\t\t\t          H\u00e9tf\u0151t\u0151l Vas\u00e1rnapig\t\t\t        <\/span>\n                  <\/div>\n                                                      <div class=\"h5\">\n                  <span >\n\t\t        \t12\t\t          <\/span>\n                  <span class=\"tst-color\">:<\/span>\n              \t  <span >\n\t\t        \t00\t\t          <\/span>\n              \t  <\/div>\n                                                      <div class=\"h5\">\n                  <span >\n\t\t        \t24\t\t          <\/span>\n                  <span class=\"tst-color\">:<\/span>\n              \t  <span >\n\t\t        \t00\t\t          <\/span>\n                  <\/div>\n                                  <\/div>\n                                <div class=\"tst-wh-time tst-mb-30\">\n                                    <div class=\"tst-label tst-mb-15\">\n                  \t<span >\n\t\t\t          Konyha nyitvatart\u00e1sa:\t\t\t        <\/span>\n                  <\/div>\n                                                      <div class=\"h5\">\n                  <span >\n\t\t        \t12\t\t          <\/span>\n                  <span class=\"tst-color\">:<\/span>\n              \t  <span >\n\t\t        \t00\t\t          <\/span>\n              \t  <\/div>\n                                                      <div class=\"h5\">\n                  <span >\n\t\t        \t22\t\t          <\/span>\n                  <span class=\"tst-color\">:<\/span>\n              \t  <span >\n\t\t        \t00\t\t          <\/span>\n                  <\/div>\n                                  <\/div>\n                          \t\t\n              <\/div>\n\n            <\/div>\n          <\/div>\n\n        <\/div>\n        <!-- banner sm end -->\n\n        <div class=\"tst-spacer\"><\/div>\n\n\t\t<\/div>\n\t\t<!-- container end -->\n\n\t\t\t\t<\/div>\n\t\t\t\t<\/div>\n\t\t\t\t\t<\/div>\n\t\t<\/div>\n\t\t\t\t\t<\/div>\n\t\t<\/section>\n\t\t\t\t<\/div>","protected":false},"excerpt":{"rendered":"<p>Who we are We Invite You toVisit Our Restaurant Byblos Budapest is a Lebanese restaurant and represents a marriage of&#8230; <span class=\"tst-el-more\"><a href=\"https:\/\/byblos.hu\/hu\/about-us\/\" class=\"tst-label tst-color tst-anima-link\">Read more<span class=\"screen-reader-text\">Read moreAbout Us<\/span><\/a><\/span><\/p>","protected":false},"author":1,"featured_media":0,"parent":0,"menu_order":0,"comment_status":"closed","ping_status":"closed","template":"","meta":{"footnotes":""},"class_list":["post-490","page","type-page","status-publish","hentry"],"acf":[],"yoast_head":"<!-- This site is optimized with the Yoast SEO plugin v21.4 - https:\/\/yoast.com\/wordpress\/plugins\/seo\/ -->\n<title>About Us - Byblos<\/title>\n<meta name=\"robots\" content=\"index, follow, max-snippet:-1, max-image-preview:large, max-video-preview:-1\" \/>\n<link rel=\"canonical\" href=\"https:\/\/byblos.hu\/hu\/about-us\/\" \/>\n<meta property=\"og:locale\" content=\"hu_HU\" \/>\n<meta property=\"og:type\" content=\"article\" \/>\n<meta property=\"og:title\" content=\"About Us - Byblos\" \/>\n<meta property=\"og:description\" content=\"Who we are We Invite You toVisit Our Restaurant Byblos Budapest is a Lebanese restaurant and represents a marriage of... Read moreRead moreAbout Us\" \/>\n<meta property=\"og:url\" content=\"https:\/\/byblos.hu\/hu\/about-us\/\" \/>\n<meta property=\"og:site_name\" content=\"Byblos\" \/>\n<meta property=\"article:modified_time\" content=\"2024-03-18T10:03:34+00:00\" \/>\n<meta property=\"og:image\" content=\"https:\/\/byblos.hu\/wp-content\/uploads\/2023\/08\/dsc_9276.jpg\" \/>\n<meta name=\"twitter:card\" content=\"summary_large_image\" \/>\n<meta name=\"twitter:label1\" content=\"Becs\u00fclt olvas\u00e1si id\u0151\" \/>\n\t<meta name=\"twitter:data1\" content=\"2 perc\" \/>\n<script type=\"application\/ld+json\" class=\"yoast-schema-graph\">{\"@context\":\"https:\/\/schema.org\",\"@graph\":[{\"@type\":\"WebPage\",\"@id\":\"https:\/\/byblos.hu\/about-us\/\",\"url\":\"https:\/\/byblos.hu\/about-us\/\",\"name\":\"About Us - Byblos\",\"isPartOf\":{\"@id\":\"https:\/\/byblos.hu\/#website\"},\"datePublished\":\"2021-05-01T19:18:53+00:00\",\"dateModified\":\"2024-03-18T10:03:34+00:00\",\"breadcrumb\":{\"@id\":\"https:\/\/byblos.hu\/about-us\/#breadcrumb\"},\"inLanguage\":\"hu\",\"potentialAction\":[{\"@type\":\"ReadAction\",\"target\":[\"https:\/\/byblos.hu\/about-us\/\"]}]},{\"@type\":\"BreadcrumbList\",\"@id\":\"https:\/\/byblos.hu\/about-us\/#breadcrumb\",\"itemListElement\":[{\"@type\":\"ListItem\",\"position\":1,\"name\":\"Home\",\"item\":\"https:\/\/byblos.hu\/\"},{\"@type\":\"ListItem\",\"position\":2,\"name\":\"About Us\"}]},{\"@type\":\"WebSite\",\"@id\":\"https:\/\/byblos.hu\/#website\",\"url\":\"https:\/\/byblos.hu\/\",\"name\":\"Byblos\",\"description\":\"Fine Lebanese &amp; Levantine Cuisine \",\"publisher\":{\"@id\":\"https:\/\/byblos.hu\/#organization\"},\"potentialAction\":[{\"@type\":\"SearchAction\",\"target\":{\"@type\":\"EntryPoint\",\"urlTemplate\":\"https:\/\/byblos.hu\/?s={search_term_string}\"},\"query-input\":\"required name=search_term_string\"}],\"inLanguage\":\"hu\"},{\"@type\":\"Organization\",\"@id\":\"https:\/\/byblos.hu\/#organization\",\"name\":\"Byblos\",\"url\":\"https:\/\/byblos.hu\/\",\"logo\":{\"@type\":\"ImageObject\",\"inLanguage\":\"hu\",\"@id\":\"https:\/\/byblos.hu\/#\/schema\/logo\/image\/\",\"url\":\"https:\/\/byblos.hu\/wp-content\/uploads\/2023\/07\/BYBLOS_logo_v01_nagy.png\",\"contentUrl\":\"https:\/\/byblos.hu\/wp-content\/uploads\/2023\/07\/BYBLOS_logo_v01_nagy.png\",\"width\":2692,\"height\":2151,\"caption\":\"Byblos\"},\"image\":{\"@id\":\"https:\/\/byblos.hu\/#\/schema\/logo\/image\/\"}}]}<\/script>\n<!-- \/ Yoast SEO plugin. -->","yoast_head_json":{"title":"About Us - Byblos","robots":{"index":"index","follow":"follow","max-snippet":"max-snippet:-1","max-image-preview":"max-image-preview:large","max-video-preview":"max-video-preview:-1"},"canonical":"https:\/\/byblos.hu\/hu\/about-us\/","og_locale":"hu_HU","og_type":"article","og_title":"About Us - Byblos","og_description":"Who we are We Invite You toVisit Our Restaurant Byblos Budapest is a Lebanese restaurant and represents a marriage of... Read moreRead moreAbout Us","og_url":"https:\/\/byblos.hu\/hu\/about-us\/","og_site_name":"Byblos","article_modified_time":"2024-03-18T10:03:34+00:00","og_image":[{"url":"https:\/\/byblos.hu\/wp-content\/uploads\/2023\/08\/dsc_9276.jpg"}],"twitter_card":"summary_large_image","twitter_misc":{"Becs\u00fclt olvas\u00e1si id\u0151":"2 perc"},"schema":{"@context":"https:\/\/schema.org","@graph":[{"@type":"WebPage","@id":"https:\/\/byblos.hu\/about-us\/","url":"https:\/\/byblos.hu\/about-us\/","name":"About Us - Byblos","isPartOf":{"@id":"https:\/\/byblos.hu\/#website"},"datePublished":"2021-05-01T19:18:53+00:00","dateModified":"2024-03-18T10:03:34+00:00","breadcrumb":{"@id":"https:\/\/byblos.hu\/about-us\/#breadcrumb"},"inLanguage":"hu","potentialAction":[{"@type":"ReadAction","target":["https:\/\/byblos.hu\/about-us\/"]}]},{"@type":"BreadcrumbList","@id":"https:\/\/byblos.hu\/about-us\/#breadcrumb","itemListElement":[{"@type":"ListItem","position":1,"name":"Home","item":"https:\/\/byblos.hu\/"},{"@type":"ListItem","position":2,"name":"About Us"}]},{"@type":"WebSite","@id":"https:\/\/byblos.hu\/#website","url":"https:\/\/byblos.hu\/","name":"Byblos","description":"Fine Lebanese &amp; Levantine Cuisine ","publisher":{"@id":"https:\/\/byblos.hu\/#organization"},"potentialAction":[{"@type":"SearchAction","target":{"@type":"EntryPoint","urlTemplate":"https:\/\/byblos.hu\/?s={search_term_string}"},"query-input":"required name=search_term_string"}],"inLanguage":"hu"},{"@type":"Organization","@id":"https:\/\/byblos.hu\/#organization","name":"Byblos","url":"https:\/\/byblos.hu\/","logo":{"@type":"ImageObject","inLanguage":"hu","@id":"https:\/\/byblos.hu\/#\/schema\/logo\/image\/","url":"https:\/\/byblos.hu\/wp-content\/uploads\/2023\/07\/BYBLOS_logo_v01_nagy.png","contentUrl":"https:\/\/byblos.hu\/wp-content\/uploads\/2023\/07\/BYBLOS_logo_v01_nagy.png","width":2692,"height":2151,"caption":"Byblos"},"image":{"@id":"https:\/\/byblos.hu\/#\/schema\/logo\/image\/"}}]}},"_links":{"self":[{"href":"https:\/\/byblos.hu\/hu\/wp-json\/wp\/v2\/pages\/490","targetHints":{"allow":["GET"]}}],"collection":[{"href":"https:\/\/byblos.hu\/hu\/wp-json\/wp\/v2\/pages"}],"about":[{"href":"https:\/\/byblos.hu\/hu\/wp-json\/wp\/v2\/types\/page"}],"author":[{"embeddable":true,"href":"https:\/\/byblos.hu\/hu\/wp-json\/wp\/v2\/users\/1"}],"replies":[{"embeddable":true,"href":"https:\/\/byblos.hu\/hu\/wp-json\/wp\/v2\/comments?post=490"}],"version-history":[{"count":49,"href":"https:\/\/byblos.hu\/hu\/wp-json\/wp\/v2\/pages\/490\/revisions"}],"predecessor-version":[{"id":3626,"href":"https:\/\/byblos.hu\/hu\/wp-json\/wp\/v2\/pages\/490\/revisions\/3626"}],"wp:attachment":[{"href":"https:\/\/byblos.hu\/hu\/wp-json\/wp\/v2\/media?parent=490"}],"curies":[{"name":"wp","href":"https:\/\/api.w.org\/{rel}","templated":true}]}}