{"id":1234,"date":"2021-09-04T13:44:07","date_gmt":"2021-09-04T13:44:07","guid":{"rendered":"https:\/\/bslthemes.com\/tastyc\/fullwidth\/?page_id=1105"},"modified":"2023-07-31T07:33:11","modified_gmt":"2023-07-31T07:33:11","slug":"testimonials","status":"publish","type":"page","link":"https:\/\/byblos.hu\/hu\/testimonials\/","title":{"rendered":"Visszajelz\u00e9sek"},"content":{"rendered":"<div data-elementor-type=\"wp-page\" data-elementor-id=\"1234\" class=\"elementor elementor-1234\">\n\t\t\t\t\t\t<section class=\"elementor-section elementor-top-section elementor-element elementor-element-c7c11cf elementor-section-full_width elementor-section-height-default elementor-section-height-default\" data-id=\"c7c11cf\" data-element_type=\"section\">\n\t\t\t\t\t\t<div class=\"elementor-container elementor-column-gap-no\">\n\t\t\t\t\t<div class=\"elementor-column elementor-col-100 elementor-top-column elementor-element elementor-element-0e68de9\" data-id=\"0e68de9\" data-element_type=\"column\">\n\t\t\t<div class=\"elementor-widget-wrap elementor-element-populated\">\n\t\t\t\t\t\t<div class=\"elementor-element elementor-element-8e274a8 elementor-widget elementor-widget-tastyc-testimonials\" data-id=\"8e274a8\" data-element_type=\"widget\" data-widget_type=\"tastyc-testimonials.default\">\n\t\t\t\t<div class=\"elementor-widget-container\">\n\t\t\t\n\t\t<!-- container -->\n\t\t<div class=\"container\">\n\n\t\t<div class=\"row\">\n\t\t            <div class=\"col-lg-12\">\n\n            <!-- title -->\n            <div class=\"text-center\">\n                            <div class=\"tst-suptitle tst-suptitle-center tst-mb-15\">\n              \t<span >\n\t\t          \tVisszajelz\u00e9sek\t\t        <\/span>\n              <\/div>\n                                          <h3 class=\"tst-title--h tst-mb-30\">\n              \t<span >\n\t\t          \tCustomers Reviews\t\t        <\/span>\n              <\/h3>\n                                          <p class=\"tst-text\">\n              \t<span >\n\t\t          \tPorro eveniet, autem ipsam corrupti consectetur cum. <br>Repudiandae dignissimos fugiat sit nam.\t\t        <\/span>\n              <\/p>\n                          <\/div>\n            <!-- title end -->\n\n          <\/div>\n      \t  \n                    <div class=\"col-lg-12\">\n\n            <!-- testimonials slider -->\n            <div class=\"swiper-container tst-testimonials-slider tst-cursor-scroll\">\n              <div class=\"swiper-wrapper\">\n                                <div class=\"swiper-slide\">\n\n                  <!-- testimonials -->\n                  <div class=\"tst-testimonial-card\">\n                    <div class=\"tst-quote\">&quot;<\/div>\n                                        <h5 class=\"tst-title--h tst-mb-30\">\n                    \t<span >\n\t\t\t\t\t\t\tIt was very delicious!\t\t\t\t\t\t<\/span>\n                    <\/h5>\n                                                            <div class=\"tst-text\">\n                    \t<div >\n\t\t\t\t\t\t\tLorem ipsum dolor sit amet, consectetur adipisicing elit. Similique, eligendi dolorem? Voluptates rem magnam nesciunt ullam hic error sed, minus, accusantium inventore ex reprehenderit ipsum aperiam libero ut, laudantium delectus deleniti debitis quas dolore quos. Accusamus ea saepe, veniam. Nemo.\t\t\t\t\t\t<\/div>\n                    <\/div>\n                                        <div class=\"tst-spacer-sm\"><\/div>\n                    <div class=\"tst-testimonial-bottom\">\n                      <div class=\"tst-visitor\">\n                      \t                        <img decoding=\"async\" src=\"https:\/\/byblos.hu\/wp-content\/uploads\/2021\/04\/face-1.jpg\" alt=\"Emma Newman\">\n                                                                        <h6>\n                        \t<span >\n\t\t\t\t\t\t\t\tEmma Newman\t\t\t\t\t\t\t<\/span>\n                        <\/h6>\n                                              <\/div>\n                                            <div class=\"tst-date\">\n                      \t <span >\n\t\t\t\t\t\t\t02.02.21\t\t\t\t\t\t <\/span>\n                      <\/div>\n                                          <\/div>\n                  <\/div>\n                  <!-- testimonials end -->\n\n                <\/div>\n                                <div class=\"swiper-slide\">\n\n                  <!-- testimonials -->\n                  <div class=\"tst-testimonial-card\">\n                    <div class=\"tst-quote\">&quot;<\/div>\n                                        <h5 class=\"tst-title--h tst-mb-30\">\n                    \t<span >\n\t\t\t\t\t\t\tI'm delighted!\t\t\t\t\t\t<\/span>\n                    <\/h5>\n                                                            <div class=\"tst-text\">\n                    \t<div >\n\t\t\t\t\t\t\tLorem ipsum dolor sit amet, consectetur adipisicing elit. Similique, eligendi dolorem? Voluptates rem magnam nesciunt ullam hic error sed, minus, accusantium inventore ex reprehenderit ipsum aperiam libero ut, laudantium delectus deleniti debitis quas dolore quos. Accusamus ea saepe, veniam. Nemo.\t\t\t\t\t\t<\/div>\n                    <\/div>\n                                        <div class=\"tst-spacer-sm\"><\/div>\n                    <div class=\"tst-testimonial-bottom\">\n                      <div class=\"tst-visitor\">\n                      \t                        <img decoding=\"async\" src=\"https:\/\/byblos.hu\/wp-content\/uploads\/2021\/04\/face-2.jpg\" alt=\"Viktoria Freeman\">\n                                                                        <h6>\n                        \t<span >\n\t\t\t\t\t\t\t\tViktoria Freeman\t\t\t\t\t\t\t<\/span>\n                        <\/h6>\n                                              <\/div>\n                                            <div class=\"tst-date\">\n                      \t <span >\n\t\t\t\t\t\t\t02.02.21\t\t\t\t\t\t <\/span>\n                      <\/div>\n                                          <\/div>\n                  <\/div>\n                  <!-- testimonials end -->\n\n                <\/div>\n                                <div class=\"swiper-slide\">\n\n                  <!-- testimonials -->\n                  <div class=\"tst-testimonial-card\">\n                    <div class=\"tst-quote\">&quot;<\/div>\n                                        <h5 class=\"tst-title--h tst-mb-30\">\n                    \t<span >\n\t\t\t\t\t\t\tI will visit again.\t\t\t\t\t\t<\/span>\n                    <\/h5>\n                                                            <div class=\"tst-text\">\n                    \t<div >\n\t\t\t\t\t\t\tLorem ipsum dolor sit amet, consectetur adipisicing elit. Similique, eligendi dolorem? Voluptates rem magnam nesciunt ullam hic error sed, minus, accusantium inventore ex reprehenderit ipsum aperiam libero ut, laudantium delectus deleniti debitis quas dolore quos. Accusamus ea saepe, veniam. Nemo.\t\t\t\t\t\t<\/div>\n                    <\/div>\n                                        <div class=\"tst-spacer-sm\"><\/div>\n                    <div class=\"tst-testimonial-bottom\">\n                      <div class=\"tst-visitor\">\n                      \t                        <img decoding=\"async\" src=\"https:\/\/byblos.hu\/wp-content\/uploads\/2021\/04\/face-3.jpg\" alt=\"Paul Trueman\">\n                                                                        <h6>\n                        \t<span >\n\t\t\t\t\t\t\t\tPaul Trueman\t\t\t\t\t\t\t<\/span>\n                        <\/h6>\n                                              <\/div>\n                                            <div class=\"tst-date\">\n                      \t <span >\n\t\t\t\t\t\t\t02.02.21\t\t\t\t\t\t <\/span>\n                      <\/div>\n                                          <\/div>\n                  <\/div>\n                  <!-- testimonials end -->\n\n                <\/div>\n                                <div class=\"swiper-slide\">\n\n                  <!-- testimonials -->\n                  <div class=\"tst-testimonial-card\">\n                    <div class=\"tst-quote\">&quot;<\/div>\n                                        <h5 class=\"tst-title--h tst-mb-30\">\n                    \t<span >\n\t\t\t\t\t\t\tThe best restaurant!\t\t\t\t\t\t<\/span>\n                    <\/h5>\n                                                            <div class=\"tst-text\">\n                    \t<div >\n\t\t\t\t\t\t\tLorem ipsum dolor sit amet, consectetur adipisicing elit. Similique, eligendi dolorem? Voluptates rem magnam nesciunt ullam hic error sed, minus, accusantium inventore ex reprehenderit ipsum aperiam libero ut, laudantium delectus deleniti debitis quas dolore quos. Accusamus ea saepe, veniam. Nemo.\t\t\t\t\t\t<\/div>\n                    <\/div>\n                                        <div class=\"tst-spacer-sm\"><\/div>\n                    <div class=\"tst-testimonial-bottom\">\n                      <div class=\"tst-visitor\">\n                      \t                        <img decoding=\"async\" src=\"https:\/\/byblos.hu\/wp-content\/uploads\/2021\/04\/face-4.jpg\" alt=\"Oscar Oldman\">\n                                                                        <h6>\n                        \t<span >\n\t\t\t\t\t\t\t\tOscar Oldman\t\t\t\t\t\t\t<\/span>\n                        <\/h6>\n                                              <\/div>\n                                            <div class=\"tst-date\">\n                      \t <span >\n\t\t\t\t\t\t\t02.02.21\t\t\t\t\t\t <\/span>\n                      <\/div>\n                                          <\/div>\n                  <\/div>\n                  <!-- testimonials end -->\n\n                <\/div>\n                              <\/div>\n            <\/div>\n            <!-- testimonials slider end -->\n\n          <\/div>\n\n          <div class=\"col-lg-12\">\n\n            <!-- slider navigation -->\n            <div class=\"tst-slider-navigation\">\n                            <a href=\"\/hu\/tastyc\/seafood-demo\/about-us\/\" class=\"tst-btn tst-anima-link\">\n              \t<span >\n\t\t          \tR\u00f3lunk\t\t        <\/span>\n              <\/a>\n          \t                <div class=\"tst-slider-pagination tst-testi-pagination\"><\/div>\n              <div class=\"tst-nav tst-right\">\n                <div class=\"tst-label\">Slider navigation<\/div>\n                <div class=\"tst-slider-btn tst-testi-prev\"><i class=\"fas fa-arrow-left\"><\/i><\/div>\n                <div class=\"tst-slider-btn tst-testi-next\"><i class=\"fas fa-arrow-right\"><\/i><\/div>\n              <\/div>\n            <\/div>\n            <!-- slider navigation end -->\n\n          <\/div>\n                  <\/div>\n\n        <div class=\"tst-spacer\"><\/div>\n\n\t\t<\/div>\n\t\t<!-- container end -->\n\n\t\t\t\t<\/div>\n\t\t\t\t<\/div>\n\t\t\t\t\t<\/div>\n\t\t<\/div>\n\t\t\t\t\t<\/div>\n\t\t<\/section>\n\t\t\t\t<section class=\"elementor-section elementor-top-section elementor-element elementor-element-0aebd87 elementor-section-full_width elementor-section-height-default elementor-section-height-default\" data-id=\"0aebd87\" data-element_type=\"section\">\n\t\t\t\t\t\t<div class=\"elementor-container elementor-column-gap-no\">\n\t\t\t\t\t<div class=\"elementor-column elementor-col-100 elementor-top-column elementor-element elementor-element-ea1ccab\" data-id=\"ea1ccab\" data-element_type=\"column\">\n\t\t\t<div class=\"elementor-widget-wrap elementor-element-populated\">\n\t\t\t\t\t\t<div class=\"elementor-element elementor-element-1b139bf elementor-widget elementor-widget-tastyc-numbers\" data-id=\"1b139bf\" data-element_type=\"widget\" data-widget_type=\"tastyc-numbers.default\">\n\t\t\t\t<div class=\"elementor-widget-container\">\n\t\t\t\n\t\t<!-- container -->\n\t\t<div class=\"container\">\n\t\t\t\t<div class=\"row\">\n\t\t            <div class=\"col-sm-6 col-lg-3\">\n\n            <!-- counter -->\n            <div class=\"tst-count tst-mb-70\">\n              <div class=\"h3 tst-mb-15\">\n              \t<span class=\"tst-number\" data-count=\"200\">0<\/span>\n              \t<span class=\"tst-color\">\n\t          \t\t<span >\n\t\t        \t\t+\t\t        \t<\/span>\n              \t<\/span>\n              <\/div>\n              <div class=\"tst-label\">\n              \t<span >\n\t        \t\tVend\u00e9g, naponta\t        \t<\/span>\n              <\/div>\n            <\/div>\n            <!-- counter end -->\n\n          <\/div>\n\t\t            <div class=\"col-sm-6 col-lg-3\">\n\n            <!-- counter -->\n            <div class=\"tst-count tst-mb-70\">\n              <div class=\"h3 tst-mb-15\">\n              \t<span class=\"tst-number\" data-count=\"400\">0<\/span>\n              \t<span class=\"tst-color\">\n\t          \t\t<span >\n\t\t        \t\t+\t\t        \t<\/span>\n              \t<\/span>\n              <\/div>\n              <div class=\"tst-label\">\n              \t<span >\n\t        \t\tDeliveries monthly\t        \t<\/span>\n              <\/div>\n            <\/div>\n            <!-- counter end -->\n\n          <\/div>\n\t\t            <div class=\"col-sm-6 col-lg-3\">\n\n            <!-- counter -->\n            <div class=\"tst-count tst-mb-70\">\n              <div class=\"h3 tst-mb-15\">\n              \t<span class=\"tst-number\" data-count=\"100\">0<\/span>\n              \t<span class=\"tst-color\">\n\t          \t\t<span >\n\t\t        \t\t%\t\t        \t<\/span>\n              \t<\/span>\n              <\/div>\n              <div class=\"tst-label\">\n              \t<span >\n\t        \t\tPozit\u00edv \u00e9rt\u00e9kel\u00e9s\t        \t<\/span>\n              <\/div>\n            <\/div>\n            <!-- counter end -->\n\n          <\/div>\n\t\t            <div class=\"col-sm-6 col-lg-3\">\n\n            <!-- counter -->\n            <div class=\"tst-count tst-mb-70\">\n              <div class=\"h3 tst-mb-15\">\n              \t<span class=\"tst-number\" data-count=\"40\">0<\/span>\n              \t<span class=\"tst-color\">\n\t          \t\t<span >\n\t\t        \t\t+\t\t        \t<\/span>\n              \t<\/span>\n              <\/div>\n              <div class=\"tst-label\">\n              \t<span >\n\t        \t\tAwards and honors\t        \t<\/span>\n              <\/div>\n            <\/div>\n            <!-- counter end -->\n\n          <\/div>\n\t\t  \t\t<\/div>\n\t\t\n        <div class=\"tst-spacer tst-spacer-only-bottom-space\"><\/div>\n\n\t\t<\/div>\n\t\t<!-- container end -->\n\n\t\t\t\t<\/div>\n\t\t\t\t<\/div>\n\t\t\t\t\t<\/div>\n\t\t<\/div>\n\t\t\t\t\t<\/div>\n\t\t<\/section>\n\t\t\t\t<section class=\"elementor-section elementor-top-section elementor-element elementor-element-28a6eaa elementor-section-full_width elementor-section-height-default elementor-section-height-default\" data-id=\"28a6eaa\" data-element_type=\"section\" data-settings=\"{&quot;background_background&quot;:&quot;classic&quot;}\">\n\t\t\t\t\t\t\t<div class=\"elementor-background-overlay\"><\/div>\n\t\t\t\t\t\t\t<div class=\"elementor-container elementor-column-gap-no\">\n\t\t\t\t\t<div class=\"elementor-column elementor-col-100 elementor-top-column elementor-element elementor-element-81bc690\" data-id=\"81bc690\" data-element_type=\"column\">\n\t\t\t<div class=\"elementor-widget-wrap elementor-element-populated\">\n\t\t\t\t\t\t<div class=\"elementor-element elementor-element-9ab0606 elementor-widget elementor-widget-tastyc-subscribe-form\" data-id=\"9ab0606\" data-element_type=\"widget\" data-widget_type=\"tastyc-subscribe-form.default\">\n\t\t\t\t<div class=\"elementor-widget-container\">\n\t\t\t\n\t\t<!-- container -->\n\t\t<div class=\"container\">\n\n\t\t<div class=\"tst-banner-sm\">\n                    <div class=\"row align-items-center\">\n            <div class=\"col-lg-12\">\n              <div class=\"tst-text-frame text-left\">\n              \t                <div class=\"tst-suptitle tst-suptitle-mobile-center tst-suptitle-left tst-text-shadow tst-white-2 tst-mb-15\">\n                \t<span >\n\t\t          \t\tH\u00edrlev\u00e9l\t\t         \t<\/span>\n                <\/div>\n                                                <h2 class=\"tst-title--h tst-white-2 tst-text-shadow tst-mb-30\">\n            \t\t<span >\n\t\t          \t\tIratkozz fel <br>hirlevel\u00fcnkre\t\t         \t<\/span>\n            \t<\/h2>\n            \t                                <p class=\"tst-text tst-white-2 tst-text-shadow tst-mb-30\">\n                \t<span >\n\t\t          \t\tRolorem, beatae dolorum, praesentium itaque et quam quaerat.\t\t         \t<\/span>\n                <\/p>\n                                                \t[contact-form-7 id=\"368\"]                              <\/div>\n            <\/div>\n          <\/div>\n        <\/div>\n\n\t\t<\/div>\n\t\t<!-- container end -->\n\n\t\t\t\t<\/div>\n\t\t\t\t<\/div>\n\t\t\t\t\t<\/div>\n\t\t<\/div>\n\t\t\t\t\t<\/div>\n\t\t<\/section>\n\t\t\t\t<\/div>","protected":false},"excerpt":{"rendered":"<p>Testimonials Customers Reviews Porro eveniet, autem ipsam corrupti consectetur cum. Repudiandae dignissimos fugiat sit nam. &quot; It was very delicious!&#8230; <span class=\"tst-el-more\"><a href=\"https:\/\/byblos.hu\/hu\/testimonials\/\" class=\"tst-label tst-color tst-anima-link\">Read more<span class=\"screen-reader-text\">Read moreTestimonials<\/span><\/a><\/span><\/p>","protected":false},"author":1,"featured_media":0,"parent":0,"menu_order":0,"comment_status":"closed","ping_status":"closed","template":"template-layout-builder.php","meta":{"footnotes":""},"class_list":["post-1234","page","type-page","status-publish","hentry"],"acf":[],"yoast_head":"<!-- This site is optimized with the Yoast SEO plugin v21.4 - https:\/\/yoast.com\/wordpress\/plugins\/seo\/ -->\n<title>Testimonials - Byblos<\/title>\n<meta name=\"robots\" content=\"index, follow, max-snippet:-1, max-image-preview:large, max-video-preview:-1\" \/>\n<link rel=\"canonical\" href=\"https:\/\/byblos.hu\/hu\/testimonials\/\" \/>\n<meta property=\"og:locale\" content=\"hu_HU\" \/>\n<meta property=\"og:type\" content=\"article\" \/>\n<meta property=\"og:title\" content=\"Testimonials - Byblos\" \/>\n<meta property=\"og:description\" content=\"Testimonials Customers Reviews Porro eveniet, autem ipsam corrupti consectetur cum. Repudiandae dignissimos fugiat sit nam. &quot; It was very delicious!... Read moreRead moreTestimonials\" \/>\n<meta property=\"og:url\" content=\"https:\/\/byblos.hu\/hu\/testimonials\/\" \/>\n<meta property=\"og:site_name\" content=\"Byblos\" \/>\n<meta property=\"article:modified_time\" content=\"2023-07-31T07:33:11+00:00\" \/>\n<meta property=\"og:image\" content=\"https:\/\/byblos.hu\/wp-content\/uploads\/2021\/04\/face-1.jpg\" \/>\n<meta name=\"twitter:card\" content=\"summary_large_image\" \/>\n<meta name=\"twitter:label1\" content=\"Becs\u00fclt olvas\u00e1si id\u0151\" \/>\n\t<meta name=\"twitter:data1\" content=\"1 perc\" \/>\n<script type=\"application\/ld+json\" class=\"yoast-schema-graph\">{\"@context\":\"https:\/\/schema.org\",\"@graph\":[{\"@type\":\"WebPage\",\"@id\":\"https:\/\/byblos.hu\/testimonials\/\",\"url\":\"https:\/\/byblos.hu\/testimonials\/\",\"name\":\"Testimonials - Byblos\",\"isPartOf\":{\"@id\":\"https:\/\/byblos.hu\/#website\"},\"datePublished\":\"2021-09-04T13:44:07+00:00\",\"dateModified\":\"2023-07-31T07:33:11+00:00\",\"breadcrumb\":{\"@id\":\"https:\/\/byblos.hu\/testimonials\/#breadcrumb\"},\"inLanguage\":\"hu\",\"potentialAction\":[{\"@type\":\"ReadAction\",\"target\":[\"https:\/\/byblos.hu\/testimonials\/\"]}]},{\"@type\":\"BreadcrumbList\",\"@id\":\"https:\/\/byblos.hu\/testimonials\/#breadcrumb\",\"itemListElement\":[{\"@type\":\"ListItem\",\"position\":1,\"name\":\"Home\",\"item\":\"https:\/\/byblos.hu\/\"},{\"@type\":\"ListItem\",\"position\":2,\"name\":\"Testimonials\"}]},{\"@type\":\"WebSite\",\"@id\":\"https:\/\/byblos.hu\/#website\",\"url\":\"https:\/\/byblos.hu\/\",\"name\":\"Byblos\",\"description\":\"Fine Lebanese &amp; Levantine Cuisine \",\"publisher\":{\"@id\":\"https:\/\/byblos.hu\/#organization\"},\"potentialAction\":[{\"@type\":\"SearchAction\",\"target\":{\"@type\":\"EntryPoint\",\"urlTemplate\":\"https:\/\/byblos.hu\/?s={search_term_string}\"},\"query-input\":\"required name=search_term_string\"}],\"inLanguage\":\"hu\"},{\"@type\":\"Organization\",\"@id\":\"https:\/\/byblos.hu\/#organization\",\"name\":\"Byblos\",\"url\":\"https:\/\/byblos.hu\/\",\"logo\":{\"@type\":\"ImageObject\",\"inLanguage\":\"hu\",\"@id\":\"https:\/\/byblos.hu\/#\/schema\/logo\/image\/\",\"url\":\"https:\/\/byblos.hu\/wp-content\/uploads\/2023\/07\/BYBLOS_logo_v01_nagy.png\",\"contentUrl\":\"https:\/\/byblos.hu\/wp-content\/uploads\/2023\/07\/BYBLOS_logo_v01_nagy.png\",\"width\":2692,\"height\":2151,\"caption\":\"Byblos\"},\"image\":{\"@id\":\"https:\/\/byblos.hu\/#\/schema\/logo\/image\/\"}}]}<\/script>\n<!-- \/ Yoast SEO plugin. -->","yoast_head_json":{"title":"Testimonials - Byblos","robots":{"index":"index","follow":"follow","max-snippet":"max-snippet:-1","max-image-preview":"max-image-preview:large","max-video-preview":"max-video-preview:-1"},"canonical":"https:\/\/byblos.hu\/hu\/testimonials\/","og_locale":"hu_HU","og_type":"article","og_title":"Testimonials - Byblos","og_description":"Testimonials Customers Reviews Porro eveniet, autem ipsam corrupti consectetur cum. Repudiandae dignissimos fugiat sit nam. &quot; It was very delicious!... Read moreRead moreTestimonials","og_url":"https:\/\/byblos.hu\/hu\/testimonials\/","og_site_name":"Byblos","article_modified_time":"2023-07-31T07:33:11+00:00","og_image":[{"url":"https:\/\/byblos.hu\/wp-content\/uploads\/2021\/04\/face-1.jpg"}],"twitter_card":"summary_large_image","twitter_misc":{"Becs\u00fclt olvas\u00e1si id\u0151":"1 perc"},"schema":{"@context":"https:\/\/schema.org","@graph":[{"@type":"WebPage","@id":"https:\/\/byblos.hu\/testimonials\/","url":"https:\/\/byblos.hu\/testimonials\/","name":"Testimonials - Byblos","isPartOf":{"@id":"https:\/\/byblos.hu\/#website"},"datePublished":"2021-09-04T13:44:07+00:00","dateModified":"2023-07-31T07:33:11+00:00","breadcrumb":{"@id":"https:\/\/byblos.hu\/testimonials\/#breadcrumb"},"inLanguage":"hu","potentialAction":[{"@type":"ReadAction","target":["https:\/\/byblos.hu\/testimonials\/"]}]},{"@type":"BreadcrumbList","@id":"https:\/\/byblos.hu\/testimonials\/#breadcrumb","itemListElement":[{"@type":"ListItem","position":1,"name":"Home","item":"https:\/\/byblos.hu\/"},{"@type":"ListItem","position":2,"name":"Testimonials"}]},{"@type":"WebSite","@id":"https:\/\/byblos.hu\/#website","url":"https:\/\/byblos.hu\/","name":"Byblos","description":"Fine Lebanese &amp; Levantine Cuisine ","publisher":{"@id":"https:\/\/byblos.hu\/#organization"},"potentialAction":[{"@type":"SearchAction","target":{"@type":"EntryPoint","urlTemplate":"https:\/\/byblos.hu\/?s={search_term_string}"},"query-input":"required name=search_term_string"}],"inLanguage":"hu"},{"@type":"Organization","@id":"https:\/\/byblos.hu\/#organization","name":"Byblos","url":"https:\/\/byblos.hu\/","logo":{"@type":"ImageObject","inLanguage":"hu","@id":"https:\/\/byblos.hu\/#\/schema\/logo\/image\/","url":"https:\/\/byblos.hu\/wp-content\/uploads\/2023\/07\/BYBLOS_logo_v01_nagy.png","contentUrl":"https:\/\/byblos.hu\/wp-content\/uploads\/2023\/07\/BYBLOS_logo_v01_nagy.png","width":2692,"height":2151,"caption":"Byblos"},"image":{"@id":"https:\/\/byblos.hu\/#\/schema\/logo\/image\/"}}]}},"_links":{"self":[{"href":"https:\/\/byblos.hu\/hu\/wp-json\/wp\/v2\/pages\/1234","targetHints":{"allow":["GET"]}}],"collection":[{"href":"https:\/\/byblos.hu\/hu\/wp-json\/wp\/v2\/pages"}],"about":[{"href":"https:\/\/byblos.hu\/hu\/wp-json\/wp\/v2\/types\/page"}],"author":[{"embeddable":true,"href":"https:\/\/byblos.hu\/hu\/wp-json\/wp\/v2\/users\/1"}],"replies":[{"embeddable":true,"href":"https:\/\/byblos.hu\/hu\/wp-json\/wp\/v2\/comments?post=1234"}],"version-history":[{"count":1,"href":"https:\/\/byblos.hu\/hu\/wp-json\/wp\/v2\/pages\/1234\/revisions"}],"predecessor-version":[{"id":2523,"href":"https:\/\/byblos.hu\/hu\/wp-json\/wp\/v2\/pages\/1234\/revisions\/2523"}],"wp:attachment":[{"href":"https:\/\/byblos.hu\/hu\/wp-json\/wp\/v2\/media?parent=1234"}],"curies":[{"name":"wp","href":"https:\/\/api.w.org\/{rel}","templated":true}]}}