{"id":1232,"date":"2021-09-04T13:16:01","date_gmt":"2021-09-04T13:16:01","guid":{"rendered":"https:\/\/bslthemes.com\/tastyc\/fullwidth\/?page_id=1076"},"modified":"2023-07-31T07:33:11","modified_gmt":"2023-07-31T07:33:11","slug":"features","status":"publish","type":"page","link":"https:\/\/byblos.hu\/hu\/features\/","title":{"rendered":"Mit ny\u00fajtunk?"},"content":{"rendered":"<div data-elementor-type=\"wp-page\" data-elementor-id=\"1232\" class=\"elementor elementor-1232\">\n\t\t\t\t\t\t<section class=\"elementor-section elementor-top-section elementor-element elementor-element-5a0e968 elementor-section-full_width elementor-section-height-default elementor-section-height-default\" data-id=\"5a0e968\" data-element_type=\"section\">\n\t\t\t\t\t\t<div class=\"elementor-container elementor-column-gap-no\">\n\t\t\t\t\t<div class=\"elementor-column elementor-col-100 elementor-top-column elementor-element elementor-element-7b66bff\" data-id=\"7b66bff\" data-element_type=\"column\">\n\t\t\t<div class=\"elementor-widget-wrap elementor-element-populated\">\n\t\t\t\t\t\t<div class=\"elementor-element elementor-element-635fe28 elementor-widget elementor-widget-tastyc-services-grid\" data-id=\"635fe28\" data-element_type=\"widget\" data-widget_type=\"tastyc-services-grid.default\">\n\t\t\t\t<div class=\"elementor-widget-container\">\n\t\t\t\n\t\t<!-- container -->\n\t\t<div class=\"container\">\n\n\t\t<div class=\"row tst-mb-60\">\n\t\t            <div class=\"col-lg-12\">\n\n            <!-- title -->\n            <div class=\"text-center\">\n                            <div class=\"tst-suptitle tst-suptitle-center tst-mb-15\">\n              \t<span >\n\t\t          \tfeatures\t\t        <\/span>\n              <\/div>\n                                          <h3 class=\"tst-title--h tst-mb-30\">\n              \t<span >\n\t\t          \tOur Services\t\t        <\/span>\n              <\/h3>\n                                          <p class=\"tst-text tst-title--desc tst-mb-60\">\n              \t<span >\n\t\t          \tRepudiandae dignissimos fugiat sit nam. Tempore aspernatur quae repudiandae dolorem, <br>beatae dolorum, praesentium itaque et quam quaerat.\t\t        <\/span>\n              <\/p>\n                          <\/div>\n            <!-- title end -->\n\n          <\/div>\n          \n          \t\t            <div class=\"col-lg-12\">\n\n            <!-- services box -->\n            <div class=\"tst-services-box\">\n                            <div class=\"image\"><img decoding=\"async\" src=\"https:\/\/byblos.hu\/wp-content\/uploads\/2022\/08\/about1.jpg\" alt=\"\" \/><\/div>\n                            <div class=\"desc\">\n                            <div class=\"tst-suptitle tst-mb-15\">\n              \t<span >\n\t        \t\tKik vagyunk?\t        \t<\/span>\n              <\/div>\n                                          <h3 class=\"tst-mb-30\">\n              \t<span >\n\t        \t\tL\u00e1togass el \u00e9tterm\u00fcnkbe\t        \t<\/span>\n          <\/h3>\n                                          <div class=\"tst-text\">\n              \t<div >\n\t        \t\t<p>Repudiandae dignissimos fugiat sit nam. Tempore aspernatur quae repudiandae dolorem, beatae dolorum, praesentium itaque et quam quaerat.<\/p>\t        \t<\/div>\n              <\/div>\n                                          <div class=\"bts\">\n              <a href=\"\/hu\/tastyc\/seafood-demo\/about-us\/\" class=\"tst-btn tst-btn-shadow tst-mt-30\">\n              \t<span >\n\t\t\t\t\tOlvasson tov\u00e1bb\t\t\t\t<\/span>\n              <\/a>\n              <\/div>\n                        \t  <\/div>\n            <\/div>\n            <!-- services box end -->\n\n          <\/div>\n                    <div class=\"col-lg-12\">\n\n            <!-- services box -->\n            <div class=\"tst-services-box\">\n                            <div class=\"image\"><img decoding=\"async\" src=\"https:\/\/byblos.hu\/wp-content\/uploads\/2022\/08\/about2.jpg\" alt=\"\" \/><\/div>\n                            <div class=\"desc\">\n                            <div class=\"tst-suptitle tst-mb-15\">\n              \t<span >\n\t        \t\tRestaurant Menu\t        \t<\/span>\n              <\/div>\n                                          <h3 class=\"tst-mb-30\">\n              \t<span >\n\t        \t\tMindig friss <br>hozz\u00e1val\u00f3k\t        \t<\/span>\n          <\/h3>\n                                          <div class=\"tst-text\">\n              \t<div >\n\t        \t\tRepudiandae dignissimos fugiat sit nam. Tempore aspernatur quae repudiandae dolorem, beatae dolorum, praesentium itaque et quam quaerat.\t        \t<\/div>\n              <\/div>\n                                          <div class=\"bts\">\n              <a href=\"\/hu\/tastyc\/seafood-demo\/menu-tabs\/\" class=\"tst-btn tst-btn-shadow tst-mt-30\">\n              \t<span >\n\t\t\t\t\tMen\u00fc\t\t\t\t<\/span>\n              <\/a>\n              <\/div>\n                        \t  <\/div>\n            <\/div>\n            <!-- services box end -->\n\n          <\/div>\n                    <div class=\"col-lg-12\">\n\n            <!-- services box -->\n            <div class=\"tst-services-box\">\n                            <div class=\"image\"><img decoding=\"async\" src=\"https:\/\/byblos.hu\/wp-content\/uploads\/2022\/08\/about3.jpg\" alt=\"\" \/><\/div>\n                            <div class=\"desc\">\n                            <div class=\"tst-suptitle tst-mb-15\">\n              \t<span >\n\t        \t\tA csapat\t        \t<\/span>\n              <\/div>\n                                          <h3 class=\"tst-mb-30\">\n              \t<span >\n\t        \t\tUse the Tips &amp; Recipes of Our Chefs\t        \t<\/span>\n          <\/h3>\n                                          <div class=\"tst-text\">\n              \t<div >\n\t        \t\tRepudiandae dignissimos fugiat sit nam. Tempore aspernatur quae repudiandae dolorem, beatae dolorum, praesentium itaque et quam quaerat.\t        \t<\/div>\n              <\/div>\n                                          <div class=\"bts\">\n              <a href=\"\/hu\/tastyc\/seafood-demo\/chefs\/\" class=\"tst-btn tst-btn-shadow tst-mt-30\">\n              \t<span >\n\t\t\t\t\tA csapat\t\t\t\t<\/span>\n              <\/a>\n              <\/div>\n                        \t  <\/div>\n            <\/div>\n            <!-- services box end -->\n\n          <\/div>\n                    \n        <\/div>\n\n        <div class=\"tst-spacer tst-spacer-only-bottom-space\"><\/div>\n\n\t\t<\/div>\n\t\t<!-- container end -->\n\n\t\t\t\t<\/div>\n\t\t\t\t<\/div>\n\t\t\t\t\t<\/div>\n\t\t<\/div>\n\t\t\t\t\t<\/div>\n\t\t<\/section>\n\t\t\t\t<section class=\"elementor-section elementor-top-section elementor-element elementor-element-e7cbd97 elementor-section-full_width elementor-section-height-default elementor-section-height-default\" data-id=\"e7cbd97\" data-element_type=\"section\">\n\t\t\t\t\t\t<div class=\"elementor-container elementor-column-gap-no\">\n\t\t\t\t\t<div class=\"elementor-column elementor-col-100 elementor-top-column elementor-element elementor-element-37b6c78\" data-id=\"37b6c78\" data-element_type=\"column\">\n\t\t\t<div class=\"elementor-widget-wrap elementor-element-populated\">\n\t\t\t\t\t\t<div class=\"elementor-element elementor-element-a8c982f elementor-widget elementor-widget-tastyc-cta\" data-id=\"a8c982f\" data-element_type=\"widget\" data-widget_type=\"tastyc-cta.default\">\n\t\t\t\t<div class=\"elementor-widget-container\">\n\t\t\t\t\t<div class=\"tst-content-frame--end tst-p-0-60\"><\/div>\n\n\t\t<!-- call to action -->\n\t    <div class=\"tst-call-to-action\">\n\t        <div class=\"container\">\n\n\t          <div class=\"row align-items-center\">\n\t            <div class=\"col-lg-6\">\n\t              <!-- text -->\n\t              <div class=\"tst-cta-frame\">\n\t                <div class=\"tst-cta\">\n\t                  \t                  <div class=\"tst-suptitle tst-suptitle-mobile-md-center tst-text-shadow tst-white-2 tst-mb-15 tst-fade-up\">\n\t                  \t<span >\n\t\t\t\t\t\t\tAsztalfoglal\u00e1s\t\t\t\t\t\t<\/span>\n\t                  <\/div>\n\t                  \t                  \t                  <h2 class=\"tst-title--h tst-white-2 tst-text-shadow tst-mb-30 tst-fade-up\">\n\t                  \t<span >\n\t\t\t\t\t\t\tThis evening <br>will be great!\t\t\t\t\t\t<\/span>\n\t                  <\/h2>\n\t                  \t                  \t                  <div class=\"tst-fade-up\">\n\t                    <div class=\"tst-text tst-text-lg tst-text-shadow tst-white-2\">\n\t                    \t<div >\n\t\t\t\t\t\t\t  \tQuaerat debitis, vel, sapiente dicta sequi <br>labore porro pariatur harum expedita.\t\t\t\t\t\t\t<\/div>\n\t                    <\/div>\n\t                  <\/div>\n\t                  \t                  \t                  <a href=\"#.\" class=\"tst-btn tst-btn-lg tst-btn-shadow tst-mt-30 tst-fade-up tst-res-btn tst-mr-30\">\n\t                  \t\t                  \t<span >\n\t\t\t\t\t\t\tAsztalfoglal\u00e1s\t\t\t\t\t\t<\/span>\n\t                  <\/a>\n\t                  \t                  \t                  <a href=\"\/hu\/tastyc\/seafood-demo\/contact\/\" class=\"tst-label tst-white-2 tst-fade-up\">\n\t                  \t\t                  \t<span >\n\t\t\t\t\t\t\tVegye fel vel\u00fcnk a kapcsolatot\t\t\t\t\t\t<\/span>\n\t                  <\/a>\n\t                  \t                <\/div>\n\t              <\/div>\n\t              <!-- text end -->\n\n\t            <\/div>\n\t            <div class=\"col-lg-6\">\n\t              \t              <!-- image -->\n\t              <img decoding=\"async\" src=\"https:\/\/byblos.hu\/wp-content\/uploads\/2021\/05\/reserved.png\" alt=\"\" class=\"tst-cta-image tst-fade-up\">\n\t              <!-- image end -->\n\t              \t            <\/div>\n\t          <\/div>\n\t        <\/div>\n\t    <\/div>\n\t    <!-- call to action end -->\n\n\t    <div class=\"tst-content-frame--start tst-p-60-0\"><\/div>\n\n\t\t\t\t<\/div>\n\t\t\t\t<\/div>\n\t\t\t\t\t<\/div>\n\t\t<\/div>\n\t\t\t\t\t<\/div>\n\t\t<\/section>\n\t\t\t\t<section class=\"elementor-section elementor-top-section elementor-element elementor-element-867768e elementor-section-boxed elementor-section-height-default elementor-section-height-default\" data-id=\"867768e\" data-element_type=\"section\">\n\t\t\t\t\t\t<div class=\"elementor-container elementor-column-gap-default\">\n\t\t\t\t\t<div class=\"elementor-column elementor-col-100 elementor-top-column elementor-element elementor-element-1b4fe41\" data-id=\"1b4fe41\" data-element_type=\"column\">\n\t\t\t<div class=\"elementor-widget-wrap elementor-element-populated\">\n\t\t\t\t\t\t<div class=\"elementor-element elementor-element-ba26504 elementor-widget elementor-widget-tastyc-blog-grid\" data-id=\"ba26504\" data-element_type=\"widget\" data-widget_type=\"tastyc-blog-grid.default\">\n\t\t\t\t<div class=\"elementor-widget-container\">\n\t\t\t\n\t\t<!-- container -->\n\t\t<div class=\"container\">\n\n\t\t<div class=\"row align-items-center\">\n\t\t            <div class=\"col-lg-12\">\n\n            <!-- title -->\n            <div class=\"text-center\">\n                            <div class=\"tst-suptitle tst-suptitle-center tst-mb-15\">\n              \t<span >\n\t\t        \tH\u00edrlev\u00e9l\t\t        <\/span>\n              <\/div>\n                                          <h3 class=\"tst-title--h tst-mb-30\">\n              \t<span >\n\t\t        \tUse the Tips <br>and Recipes of Our Chefs\t\t        <\/span>\n              <\/h3>\n                                          <p class=\"tst-text tst-title--desc tst-mb-60\">\n              \t<span >\n\t\t        \tPorro eveniet, autem ipsam corrupti consectetur cum. <br>Repudiandae dignissimos fugiat sit nam.\t\t        <\/span>\n              <\/p>\n                          <\/div>\n            <!-- title end-->\n\n          <\/div>\n                                        <div class=\"col-lg-4\">\n            \n\n\n<!-- blog card -->\n<div class=\"tst-blog-card tst-mb-60\">\n\t<div id=\"post-1\" class=\"post-1 post type-post status-publish format-standard hentry category-uncategorized\">\n\t  \t  <div class=\"tst-descr\">\n\t    <h5 class=\"tst-mb-15\">\n\t    \t<a href=\"https:\/\/byblos.hu\/hu\/bors-menta\/\" class=\"tst-anima-link\">Osam\u00e1\u00e9k Byblosa<\/a>\n\t    <\/h5>\n\t    \t    <div class=\"tst-date tst-date-m\">j\u00falius 31, 2023<\/div>\n\t  \t\t    \t    <div class=\"tst-text\"><p>\u201eEz nem fine, hanem fun dining, ahol az a c\u00e9l, hogy a vend\u00e9gek bar\u00e1ts\u00e1gos, otthonos&#8230; <span class=\"tst-el-more\"><a href=\"https:\/\/byblos.hu\/hu\/bors-menta\/\" class=\"tst-label tst-color tst-anima-link\">Read more<span class=\"screen-reader-text\">Read moreOsam\u00e1\u00e9k Byblosa<\/span><\/a><\/span><\/p>\n<\/div>\n\t    \t    <div class=\"tst-spacer-sm\"><\/div>\n\t    <div class=\"tst-post-bottom\">\n\t      <div class=\"tst-post-author\">\n\t      \t\t        <img decoding=\"async\" src=\"https:\/\/secure.gravatar.com\/avatar\/8ed161d4a00b66d02e02d9b2bca031b0022abb50935100f69b0ae27a0ab33f69?s=96&#038;d=mm&#038;r=g\" alt=\"admin\">\n\t    \t\t        <h6>admin<\/h6>\n\t      <\/div>\n\t      \t      <div class=\"tst-date\">j\u00falius 31, 2023<\/div>\n\t  \t  \t    <\/div>\n\t  <\/div>\n\t<\/div>\n\t<!-- #post-1 -->\n<\/div>\n<!-- blog card end -->\n          <\/div>\n                    <div class=\"col-lg-4\">\n            \n\n\n<!-- blog card -->\n<div class=\"tst-blog-card tst-mb-60\">\n\t<div id=\"post-402\" class=\"post-402 post type-post status-publish format-standard has-post-thumbnail hentry category-deserts category-salads tag-food tag-organic tag-pub\">\n\t  \t  <a href=\"https:\/\/byblos.hu\/hu\/business-breakfast\/\" class=\"tst-cover-frame tst-anima-link\">\n\t    \t    <img decoding=\"async\" src=\"https:\/\/byblos.hu\/wp-content\/uploads\/2021\/05\/blog-6.jpg\" alt=\"Business Breakfast\">\n\t    \t    \t\t<div class=\"tst-card-badge\">\n\t\t\tDeserts, Salads\t\t<\/div>\n\t\t\t  <\/a>\n\t  \t  <div class=\"tst-descr\">\n\t    <h5 class=\"tst-mb-15\">\n\t    \t<a href=\"https:\/\/byblos.hu\/hu\/business-breakfast\/\" class=\"tst-anima-link\">Business Breakfast<\/a>\n\t    <\/h5>\n\t    \t    <div class=\"tst-date tst-date-m\">m\u00e1jus 1, 2021<\/div>\n\t  \t\t    \t    <div class=\"tst-text\"><p>Consectetur adipisicing elit. Soluta, impedit, saepe. Unde minima distinctio officiis amet temporibus, consequuntur dolorem dicta&#8230; <span class=\"tst-el-more\"><a href=\"https:\/\/byblos.hu\/hu\/business-breakfast\/\" class=\"tst-label tst-color tst-anima-link\">Read more<span class=\"screen-reader-text\">Read moreBusiness Breakfast<\/span><\/a><\/span><\/p>\n<\/div>\n\t    \t    <div class=\"tst-spacer-sm\"><\/div>\n\t    <div class=\"tst-post-bottom\">\n\t      <div class=\"tst-post-author\">\n\t      \t\t        <img decoding=\"async\" src=\"https:\/\/secure.gravatar.com\/avatar\/8ed161d4a00b66d02e02d9b2bca031b0022abb50935100f69b0ae27a0ab33f69?s=96&#038;d=mm&#038;r=g\" alt=\"admin\">\n\t    \t\t        <h6>admin<\/h6>\n\t      <\/div>\n\t      \t      <div class=\"tst-date\">m\u00e1jus 1, 2021<\/div>\n\t  \t  \t    <\/div>\n\t  <\/div>\n\t<\/div>\n\t<!-- #post-402 -->\n<\/div>\n<!-- blog card end -->\n          <\/div>\n                    <div class=\"col-lg-4\">\n            \n\n\n<!-- blog card -->\n<div class=\"tst-blog-card tst-mb-60\">\n\t<div id=\"post-400\" class=\"post-400 post type-post status-publish format-standard has-post-thumbnail hentry category-deserts tag-cake tag-chocolate tag-deserts\">\n\t  \t  <a href=\"https:\/\/byblos.hu\/hu\/pancakes-in-chocolate\/\" class=\"tst-cover-frame tst-anima-link\">\n\t    \t    <img decoding=\"async\" src=\"https:\/\/byblos.hu\/wp-content\/uploads\/2021\/05\/blog-5.jpg\" alt=\"Pancakes in Chocolate\">\n\t    \t    \t\t<div class=\"tst-card-badge\">\n\t\t\tDeserts\t\t<\/div>\n\t\t\t  <\/a>\n\t  \t  <div class=\"tst-descr\">\n\t    <h5 class=\"tst-mb-15\">\n\t    \t<a href=\"https:\/\/byblos.hu\/hu\/pancakes-in-chocolate\/\" class=\"tst-anima-link\">Pancakes in Chocolate<\/a>\n\t    <\/h5>\n\t    \t    <div class=\"tst-date tst-date-m\">m\u00e1jus 1, 2021<\/div>\n\t  \t\t    \t    <div class=\"tst-text\"><p>Consectetur adipisicing elit. Soluta, impedit, saepe. Unde minima distinctio officiis amet temporibus, consequuntur dolorem dicta&#8230; <span class=\"tst-el-more\"><a href=\"https:\/\/byblos.hu\/hu\/pancakes-in-chocolate\/\" class=\"tst-label tst-color tst-anima-link\">Read more<span class=\"screen-reader-text\">Read morePancakes in Chocolate<\/span><\/a><\/span><\/p>\n<\/div>\n\t    \t    <div class=\"tst-spacer-sm\"><\/div>\n\t    <div class=\"tst-post-bottom\">\n\t      <div class=\"tst-post-author\">\n\t      \t\t        <img decoding=\"async\" src=\"https:\/\/secure.gravatar.com\/avatar\/8ed161d4a00b66d02e02d9b2bca031b0022abb50935100f69b0ae27a0ab33f69?s=96&#038;d=mm&#038;r=g\" alt=\"admin\">\n\t    \t\t        <h6>admin<\/h6>\n\t      <\/div>\n\t      \t      <div class=\"tst-date\">m\u00e1jus 1, 2021<\/div>\n\t  \t  \t    <\/div>\n\t  <\/div>\n\t<\/div>\n\t<!-- #post-400 -->\n<\/div>\n<!-- blog card end -->\n          <\/div>\n          \n          \n\t\t  \t\t  <div class=\"col-lg-12\">\n            <!-- read more -->\n            <div class=\"tst-read-more\">\n                            <div class=\"tst-text\">\n              \t<span >\n\t\t        \tRead the news of our restaurant, recipes for delicious fears, tips for your home kitchen in our blog!\t\t        <\/span>\n              <\/div>\n                            <a href=\"\/hu\/tastyc\/seafood-demo\/blog\/\" class=\"tst-btn tst-anima-link\">\n              \t<span >\n\t\t        \tAll publications\t\t        <\/span>\n              <\/a>\n            <\/div>\n            <!-- read more end -->\n          <\/div>\n                            <\/div>\n\n        <div class=\"tst-spacer\"><\/div>\n\n    \t<\/div>\n\n\t\t\t\t<\/div>\n\t\t\t\t<\/div>\n\t\t\t\t\t<\/div>\n\t\t<\/div>\n\t\t\t\t\t<\/div>\n\t\t<\/section>\n\t\t\t\t<section class=\"elementor-section elementor-top-section elementor-element elementor-element-4df1581 elementor-section-full_width elementor-section-height-default elementor-section-height-default\" data-id=\"4df1581\" data-element_type=\"section\" data-settings=\"{&quot;background_background&quot;:&quot;classic&quot;}\">\n\t\t\t\t\t\t\t<div class=\"elementor-background-overlay\"><\/div>\n\t\t\t\t\t\t\t<div class=\"elementor-container elementor-column-gap-no\">\n\t\t\t\t\t<div class=\"elementor-column elementor-col-100 elementor-top-column elementor-element elementor-element-99ce9ea\" data-id=\"99ce9ea\" data-element_type=\"column\">\n\t\t\t<div class=\"elementor-widget-wrap elementor-element-populated\">\n\t\t\t\t\t\t<div class=\"elementor-element elementor-element-5d897f1 elementor-widget elementor-widget-tastyc-subscribe-form\" data-id=\"5d897f1\" data-element_type=\"widget\" data-widget_type=\"tastyc-subscribe-form.default\">\n\t\t\t\t<div class=\"elementor-widget-container\">\n\t\t\t\n\t\t<!-- container -->\n\t\t<div class=\"container\">\n\n\t\t<div class=\"tst-banner-sm\">\n                    <div class=\"row align-items-center\">\n            <div class=\"col-lg-12\">\n              <div class=\"tst-text-frame text-left\">\n              \t                <div class=\"tst-suptitle tst-suptitle-mobile-center tst-suptitle-left tst-text-shadow tst-white-2 tst-mb-15\">\n                \t<span >\n\t\t          \t\tH\u00edrlev\u00e9l\t\t         \t<\/span>\n                <\/div>\n                                                <h2 class=\"tst-title--h tst-white-2 tst-text-shadow tst-mb-30\">\n            \t\t<span >\n\t\t          \t\tIratkozz fel <br>hirlevel\u00fcnkre\t\t         \t<\/span>\n            \t<\/h2>\n            \t                                <p class=\"tst-text tst-white-2 tst-text-shadow tst-mb-30\">\n                \t<span >\n\t\t          \t\tRolorem, beatae dolorum, praesentium itaque et quam quaerat.\t\t         \t<\/span>\n                <\/p>\n                                                \t[contact-form-7 id=\"368\"]                              <\/div>\n            <\/div>\n          <\/div>\n        <\/div>\n\n\t\t<\/div>\n\t\t<!-- container end -->\n\n\t\t\t\t<\/div>\n\t\t\t\t<\/div>\n\t\t\t\t\t<\/div>\n\t\t<\/div>\n\t\t\t\t\t<\/div>\n\t\t<\/section>\n\t\t\t\t<\/div>","protected":false},"excerpt":{"rendered":"<p>features Our Services Repudiandae dignissimos fugiat sit nam. Tempore aspernatur quae repudiandae dolorem, beatae dolorum,&#8230; <span class=\"tst-el-more\"><a href=\"https:\/\/byblos.hu\/hu\/pancakes-in-chocolate\/\" class=\"tst-label tst-color tst-anima-link\">Read more<span class=\"screen-reader-text\">Read morePancakes in Chocolate<\/span><\/a><\/span><\/p>","protected":false},"author":1,"featured_media":0,"parent":0,"menu_order":0,"comment_status":"closed","ping_status":"closed","template":"template-layout-builder.php","meta":{"footnotes":""},"class_list":["post-1232","page","type-page","status-publish","hentry"],"acf":[],"yoast_head":"<!-- This site is optimized with the Yoast SEO plugin v21.4 - https:\/\/yoast.com\/wordpress\/plugins\/seo\/ -->\n<title>Features - Byblos<\/title>\n<meta name=\"robots\" content=\"index, follow, max-snippet:-1, max-image-preview:large, max-video-preview:-1\" \/>\n<link rel=\"canonical\" href=\"https:\/\/byblos.hu\/hu\/features\/\" \/>\n<meta property=\"og:locale\" content=\"hu_HU\" \/>\n<meta property=\"og:type\" content=\"article\" \/>\n<meta property=\"og:title\" content=\"Features - Byblos\" \/>\n<meta property=\"og:description\" content=\"features Our Services Repudiandae dignissimos fugiat sit nam. Tempore aspernatur quae repudiandae dolorem, beatae dolorum,... Read moreRead morePancakes in Chocolate\" \/>\n<meta property=\"og:url\" content=\"https:\/\/byblos.hu\/hu\/features\/\" \/>\n<meta property=\"og:site_name\" content=\"Byblos\" \/>\n<meta property=\"article:modified_time\" content=\"2023-07-31T07:33:11+00:00\" \/>\n<meta property=\"og:image\" content=\"https:\/\/bslthemes.com\/import\/tastyc\/seafood\/uploads\/2022\/08\/about1-950x632.jpg\" \/>\n<meta name=\"twitter:card\" content=\"summary_large_image\" \/>\n<meta name=\"twitter:label1\" content=\"Becs\u00fclt olvas\u00e1si id\u0151\" \/>\n\t<meta name=\"twitter:data1\" content=\"1 perc\" \/>\n<script type=\"application\/ld+json\" class=\"yoast-schema-graph\">{\"@context\":\"https:\/\/schema.org\",\"@graph\":[{\"@type\":\"WebPage\",\"@id\":\"https:\/\/byblos.hu\/features\/\",\"url\":\"https:\/\/byblos.hu\/features\/\",\"name\":\"Features - Byblos\",\"isPartOf\":{\"@id\":\"https:\/\/byblos.hu\/#website\"},\"datePublished\":\"2021-09-04T13:16:01+00:00\",\"dateModified\":\"2023-07-31T07:33:11+00:00\",\"breadcrumb\":{\"@id\":\"https:\/\/byblos.hu\/features\/#breadcrumb\"},\"inLanguage\":\"hu\",\"potentialAction\":[{\"@type\":\"ReadAction\",\"target\":[\"https:\/\/byblos.hu\/features\/\"]}]},{\"@type\":\"BreadcrumbList\",\"@id\":\"https:\/\/byblos.hu\/features\/#breadcrumb\",\"itemListElement\":[{\"@type\":\"ListItem\",\"position\":1,\"name\":\"Home\",\"item\":\"https:\/\/byblos.hu\/\"},{\"@type\":\"ListItem\",\"position\":2,\"name\":\"Features\"}]},{\"@type\":\"WebSite\",\"@id\":\"https:\/\/byblos.hu\/#website\",\"url\":\"https:\/\/byblos.hu\/\",\"name\":\"Byblos\",\"description\":\"Fine Lebanese &amp; Levantine Cuisine \",\"publisher\":{\"@id\":\"https:\/\/byblos.hu\/#organization\"},\"potentialAction\":[{\"@type\":\"SearchAction\",\"target\":{\"@type\":\"EntryPoint\",\"urlTemplate\":\"https:\/\/byblos.hu\/?s={search_term_string}\"},\"query-input\":\"required name=search_term_string\"}],\"inLanguage\":\"hu\"},{\"@type\":\"Organization\",\"@id\":\"https:\/\/byblos.hu\/#organization\",\"name\":\"Byblos\",\"url\":\"https:\/\/byblos.hu\/\",\"logo\":{\"@type\":\"ImageObject\",\"inLanguage\":\"hu\",\"@id\":\"https:\/\/byblos.hu\/#\/schema\/logo\/image\/\",\"url\":\"https:\/\/byblos.hu\/wp-content\/uploads\/2023\/07\/BYBLOS_logo_v01_nagy.png\",\"contentUrl\":\"https:\/\/byblos.hu\/wp-content\/uploads\/2023\/07\/BYBLOS_logo_v01_nagy.png\",\"width\":2692,\"height\":2151,\"caption\":\"Byblos\"},\"image\":{\"@id\":\"https:\/\/byblos.hu\/#\/schema\/logo\/image\/\"}}]}<\/script>\n<!-- \/ Yoast SEO plugin. -->","yoast_head_json":{"title":"Features - Byblos","robots":{"index":"index","follow":"follow","max-snippet":"max-snippet:-1","max-image-preview":"max-image-preview:large","max-video-preview":"max-video-preview:-1"},"canonical":"https:\/\/byblos.hu\/hu\/features\/","og_locale":"hu_HU","og_type":"article","og_title":"Features - Byblos","og_description":"features Our Services Repudiandae dignissimos fugiat sit nam. Tempore aspernatur quae repudiandae dolorem, beatae dolorum,... Read moreRead morePancakes in Chocolate","og_url":"https:\/\/byblos.hu\/hu\/features\/","og_site_name":"Byblos","article_modified_time":"2023-07-31T07:33:11+00:00","og_image":[{"url":"https:\/\/bslthemes.com\/import\/tastyc\/seafood\/uploads\/2022\/08\/about1-950x632.jpg"}],"twitter_card":"summary_large_image","twitter_misc":{"Becs\u00fclt olvas\u00e1si id\u0151":"1 perc"},"schema":{"@context":"https:\/\/schema.org","@graph":[{"@type":"WebPage","@id":"https:\/\/byblos.hu\/features\/","url":"https:\/\/byblos.hu\/features\/","name":"Features - Byblos","isPartOf":{"@id":"https:\/\/byblos.hu\/#website"},"datePublished":"2021-09-04T13:16:01+00:00","dateModified":"2023-07-31T07:33:11+00:00","breadcrumb":{"@id":"https:\/\/byblos.hu\/features\/#breadcrumb"},"inLanguage":"hu","potentialAction":[{"@type":"ReadAction","target":["https:\/\/byblos.hu\/features\/"]}]},{"@type":"BreadcrumbList","@id":"https:\/\/byblos.hu\/features\/#breadcrumb","itemListElement":[{"@type":"ListItem","position":1,"name":"Home","item":"https:\/\/byblos.hu\/"},{"@type":"ListItem","position":2,"name":"Features"}]},{"@type":"WebSite","@id":"https:\/\/byblos.hu\/#website","url":"https:\/\/byblos.hu\/","name":"Byblos","description":"Fine Lebanese &amp; Levantine Cuisine ","publisher":{"@id":"https:\/\/byblos.hu\/#organization"},"potentialAction":[{"@type":"SearchAction","target":{"@type":"EntryPoint","urlTemplate":"https:\/\/byblos.hu\/?s={search_term_string}"},"query-input":"required name=search_term_string"}],"inLanguage":"hu"},{"@type":"Organization","@id":"https:\/\/byblos.hu\/#organization","name":"Byblos","url":"https:\/\/byblos.hu\/","logo":{"@type":"ImageObject","inLanguage":"hu","@id":"https:\/\/byblos.hu\/#\/schema\/logo\/image\/","url":"https:\/\/byblos.hu\/wp-content\/uploads\/2023\/07\/BYBLOS_logo_v01_nagy.png","contentUrl":"https:\/\/byblos.hu\/wp-content\/uploads\/2023\/07\/BYBLOS_logo_v01_nagy.png","width":2692,"height":2151,"caption":"Byblos"},"image":{"@id":"https:\/\/byblos.hu\/#\/schema\/logo\/image\/"}}]}},"_links":{"self":[{"href":"https:\/\/byblos.hu\/hu\/wp-json\/wp\/v2\/pages\/1232","targetHints":{"allow":["GET"]}}],"collection":[{"href":"https:\/\/byblos.hu\/hu\/wp-json\/wp\/v2\/pages"}],"about":[{"href":"https:\/\/byblos.hu\/hu\/wp-json\/wp\/v2\/types\/page"}],"author":[{"embeddable":true,"href":"https:\/\/byblos.hu\/hu\/wp-json\/wp\/v2\/users\/1"}],"replies":[{"embeddable":true,"href":"https:\/\/byblos.hu\/hu\/wp-json\/wp\/v2\/comments?post=1232"}],"version-history":[{"count":1,"href":"https:\/\/byblos.hu\/hu\/wp-json\/wp\/v2\/pages\/1232\/revisions"}],"predecessor-version":[{"id":2521,"href":"https:\/\/byblos.hu\/hu\/wp-json\/wp\/v2\/pages\/1232\/revisions\/2521"}],"wp:attachment":[{"href":"https:\/\/byblos.hu\/hu\/wp-json\/wp\/v2\/media?parent=1232"}],"curies":[{"name":"wp","href":"https:\/\/api.w.org\/{rel}","templated":true}]}}